{"id":98,"date":"2024-08-21T15:58:35","date_gmt":"2024-08-21T18:58:35","guid":{"rendered":"http:\/\/gandrade.provisorio.ws\/martech\/?page_id=98"},"modified":"2024-09-10T15:55:37","modified_gmt":"2024-09-10T18:55:37","slug":"artigos-relacionados","status":"publish","type":"page","link":"http:\/\/gandrade.com.br\/martech\/artigos-relacionados\/","title":{"rendered":"Artigos relacionados"},"content":{"rendered":"<div class=\"yoast-breadcrumbs\"><span><span><a href=\"https:\/\/gandrade.com.br\/martech\/\">Inicial<\/a><\/span> \u00bb <span class=\"breadcrumb_last\" aria-current=\"page\">Artigos relacionados<\/span><\/span><\/div>\n\n\n<h2 class=\"wp-block-heading\">\u00daltimos artigos<\/h2>\n\n\n<div class=\"pt-cv-wrapper\"><div class=\"pt-cv-view pt-cv-blockgrid iscvblock iscvhybrid grid1 layout1\" id=\"pt-cv-view-fdc20cbqne\"><div data-id=\"pt-cv-page-1\" class=\"pt-cv-page\" data-cvc=\"3\"><div class=\" pt-cv-content-item pt-cv-1-col\" ><div class=\"pt-cv-thumb-wrapper  \"><a href=\"http:\/\/gandrade.com.br\/martech\/artigos\/como-para-montar-uma-matriz-rfv-no-rd-station\/\" class=\"_self pt-cv-href-thumbnail pt-cv-thumb-default\" target=\"_self\" ><img loading=\"lazy\" decoding=\"async\" width=\"300\" height=\"122\" src=\"http:\/\/gandrade.com.br\/martech\/wp-content\/uploads\/2024\/09\/RFV-300x122.jpg\" class=\"pt-cv-thumbnail\" alt=\"\" srcset=\"http:\/\/gandrade.com.br\/martech\/wp-content\/uploads\/2024\/09\/RFV-300x122.jpg 300w, http:\/\/gandrade.com.br\/martech\/wp-content\/uploads\/2024\/09\/RFV-1024x415.jpg 1024w, http:\/\/gandrade.com.br\/martech\/wp-content\/uploads\/2024\/09\/RFV-768x311.jpg 768w, http:\/\/gandrade.com.br\/martech\/wp-content\/uploads\/2024\/09\/RFV.jpg 1344w\" sizes=\"auto, 100vw\" \/><\/a><\/div>\n<div class=\"pt-cv-taxoterm above_title\"><a href='http:\/\/gandrade.com.br\/martech\/artigos\/category\/na-pratica\/' title='Na pr\u00e1tica' class='pt-cv-tax-na-pratica'>Na pr\u00e1tica<\/a><\/div>\n<h4 class=\"pt-cv-title\"><a href=\"http:\/\/gandrade.com.br\/martech\/artigos\/como-para-montar-uma-matriz-rfv-no-rd-station\/\" class=\"_self\" target=\"_self\" >Dicas de como montar uma Matriz RFV no RD Station<\/a><\/h4>\n<div class=\"pt-cv-content\">A constru\u00e7\u00e3o de uma Matriz RFV (Rec\u00eancia, Frequ\u00eancia e Valor) \u00e9 uma ferramenta poderosa para identificar e classificar clientes, ajudando ...<br \/><div class=\"pt-cv-rmwrap\"><a href=\"http:\/\/gandrade.com.br\/martech\/artigos\/como-para-montar-uma-matriz-rfv-no-rd-station\/\" class=\"_self pt-cv-readmore btn btn-success\" target=\"_self\">Leia Mais<\/a><\/div><\/div><\/div>\n<div class=\" pt-cv-content-item pt-cv-1-col\" ><div class=\"pt-cv-thumb-wrapper  \"><a href=\"http:\/\/gandrade.com.br\/martech\/artigos\/o-que-e-a-matriz-rfv-e-quais-as-suas-principais-vantagens\/\" class=\"_self pt-cv-href-thumbnail pt-cv-thumb-default\" target=\"_self\" ><img loading=\"lazy\" decoding=\"async\" width=\"300\" height=\"122\" src=\"http:\/\/gandrade.com.br\/martech\/wp-content\/uploads\/2024\/09\/Matriz-RFV-300x122.jpg\" class=\"pt-cv-thumbnail\" alt=\"\" srcset=\"http:\/\/gandrade.com.br\/martech\/wp-content\/uploads\/2024\/09\/Matriz-RFV-300x122.jpg 300w, http:\/\/gandrade.com.br\/martech\/wp-content\/uploads\/2024\/09\/Matriz-RFV-1024x415.jpg 1024w, http:\/\/gandrade.com.br\/martech\/wp-content\/uploads\/2024\/09\/Matriz-RFV-768x311.jpg 768w, http:\/\/gandrade.com.br\/martech\/wp-content\/uploads\/2024\/09\/Matriz-RFV.jpg 1344w\" sizes=\"auto, 100vw\" \/><\/a><\/div>\n<div class=\"pt-cv-taxoterm above_title\"><a href='http:\/\/gandrade.com.br\/martech\/artigos\/category\/negocios\/' title='Neg\u00f3cios' class='pt-cv-tax-negocios'>Neg\u00f3cios<\/a><\/div>\n<h4 class=\"pt-cv-title\"><a href=\"http:\/\/gandrade.com.br\/martech\/artigos\/o-que-e-a-matriz-rfv-e-quais-as-suas-principais-vantagens\/\" class=\"_self\" target=\"_self\" >O que \u00e9 a Matriz RFV e quais as suas principais vantagens<\/a><\/h4>\n<div class=\"pt-cv-content\">A Matriz RFV (Rec\u00eancia, Frequ\u00eancia e Valor Monet\u00e1rio) \u00e9 uma ferramenta poderosa de marketing para segmenta\u00e7\u00e3o de clientes, permitindo que ...<br \/><div class=\"pt-cv-rmwrap\"><a href=\"http:\/\/gandrade.com.br\/martech\/artigos\/o-que-e-a-matriz-rfv-e-quais-as-suas-principais-vantagens\/\" class=\"_self pt-cv-readmore btn btn-success\" target=\"_self\">Leia Mais<\/a><\/div><\/div><\/div>\n<div class=\" pt-cv-content-item pt-cv-1-col\" ><div class=\"pt-cv-thumb-wrapper  \"><a href=\"http:\/\/gandrade.com.br\/martech\/artigos\/checklist-o-que-considerar-antes-de-implementar-uma-nova-ferramenta-de-martech\/\" class=\"_self pt-cv-href-thumbnail pt-cv-thumb-default\" target=\"_self\" ><img loading=\"lazy\" decoding=\"async\" width=\"300\" height=\"122\" src=\"http:\/\/gandrade.com.br\/martech\/wp-content\/uploads\/2024\/08\/Checklist-300x122.jpg\" class=\"pt-cv-thumbnail\" alt=\"Checklist martech\" srcset=\"http:\/\/gandrade.com.br\/martech\/wp-content\/uploads\/2024\/08\/Checklist-300x122.jpg 300w, http:\/\/gandrade.com.br\/martech\/wp-content\/uploads\/2024\/08\/Checklist-1024x415.jpg 1024w, http:\/\/gandrade.com.br\/martech\/wp-content\/uploads\/2024\/08\/Checklist-768x311.jpg 768w, http:\/\/gandrade.com.br\/martech\/wp-content\/uploads\/2024\/08\/Checklist.jpg 1344w\" sizes=\"auto, 100vw\" \/><\/a><\/div>\n<div class=\"pt-cv-taxoterm above_title\"><a href='http:\/\/gandrade.com.br\/martech\/artigos\/category\/na-pratica\/' title='Na pr\u00e1tica' class='pt-cv-tax-na-pratica'>Na pr\u00e1tica<\/a><\/div>\n<h4 class=\"pt-cv-title\"><a href=\"http:\/\/gandrade.com.br\/martech\/artigos\/checklist-o-que-considerar-antes-de-implementar-uma-nova-ferramenta-de-martech\/\" class=\"_self\" target=\"_self\" >Checklist: O que considerar antes de implementar uma nova ferramenta de Martech<\/a><\/h4>\n<div class=\"pt-cv-content\">Checklist para ajudar na decis\u00e3o final antes de comprar Antes de implementar uma nova ferramenta de Martech, \u00e9 essencial considerar ...<br \/><div class=\"pt-cv-rmwrap\"><a href=\"http:\/\/gandrade.com.br\/martech\/artigos\/checklist-o-que-considerar-antes-de-implementar-uma-nova-ferramenta-de-martech\/\" class=\"_self pt-cv-readmore btn btn-success\" target=\"_self\">Leia Mais<\/a><\/div><\/div><\/div>\n<div class=\" pt-cv-content-item pt-cv-1-col\" ><div class=\"pt-cv-thumb-wrapper  \"><a href=\"http:\/\/gandrade.com.br\/martech\/artigos\/roi-de-martech-como-medir-o-retorno-sobre-investimento\/\" class=\"_self pt-cv-href-thumbnail pt-cv-thumb-default\" target=\"_self\" ><img loading=\"lazy\" decoding=\"async\" width=\"300\" height=\"122\" src=\"http:\/\/gandrade.com.br\/martech\/wp-content\/uploads\/2024\/08\/ROI-Martech-300x122.jpg\" class=\"pt-cv-thumbnail\" alt=\"ROI - Martech\" srcset=\"http:\/\/gandrade.com.br\/martech\/wp-content\/uploads\/2024\/08\/ROI-Martech-300x122.jpg 300w, http:\/\/gandrade.com.br\/martech\/wp-content\/uploads\/2024\/08\/ROI-Martech-1024x415.jpg 1024w, http:\/\/gandrade.com.br\/martech\/wp-content\/uploads\/2024\/08\/ROI-Martech-768x311.jpg 768w, http:\/\/gandrade.com.br\/martech\/wp-content\/uploads\/2024\/08\/ROI-Martech.jpg 1344w\" sizes=\"auto, 100vw\" \/><\/a><\/div>\n<div class=\"pt-cv-taxoterm above_title\"><a href='http:\/\/gandrade.com.br\/martech\/artigos\/category\/negocios\/' title='Neg\u00f3cios' class='pt-cv-tax-negocios'>Neg\u00f3cios<\/a><\/div>\n<h4 class=\"pt-cv-title\"><a href=\"http:\/\/gandrade.com.br\/martech\/artigos\/roi-de-martech-como-medir-o-retorno-sobre-investimento\/\" class=\"_self\" target=\"_self\" >ROI de Martech: Como medir o retorno sobre investimento?<\/a><\/h4>\n<div class=\"pt-cv-content\">O Retorno sobre Investimento (ROI) \u00e9 uma m\u00e9trica crucial para avaliar a efic\u00e1cia de investimentos em Marketing e tecnologia de ...<br \/><div class=\"pt-cv-rmwrap\"><a href=\"http:\/\/gandrade.com.br\/martech\/artigos\/roi-de-martech-como-medir-o-retorno-sobre-investimento\/\" class=\"_self pt-cv-readmore btn btn-success\" target=\"_self\">Leia Mais<\/a><\/div><\/div><\/div>\n<div class=\" pt-cv-content-item pt-cv-1-col\" ><div class=\"pt-cv-thumb-wrapper  \"><a href=\"http:\/\/gandrade.com.br\/martech\/artigos\/integracao-de-crm-com-automacao-de-marketing-o-que-voce-precisa-saber\/\" class=\"_self pt-cv-href-thumbnail pt-cv-thumb-default\" target=\"_self\" ><img loading=\"lazy\" decoding=\"async\" width=\"300\" height=\"122\" src=\"http:\/\/gandrade.com.br\/martech\/wp-content\/uploads\/2024\/08\/Martech5-300x122.jpg\" class=\"pt-cv-thumbnail\" alt=\"\" srcset=\"http:\/\/gandrade.com.br\/martech\/wp-content\/uploads\/2024\/08\/Martech5-300x122.jpg 300w, http:\/\/gandrade.com.br\/martech\/wp-content\/uploads\/2024\/08\/Martech5-1024x415.jpg 1024w, http:\/\/gandrade.com.br\/martech\/wp-content\/uploads\/2024\/08\/Martech5-768x311.jpg 768w, http:\/\/gandrade.com.br\/martech\/wp-content\/uploads\/2024\/08\/Martech5.jpg 1344w\" sizes=\"auto, 100vw\" \/><\/a><\/div>\n<div class=\"pt-cv-taxoterm above_title\"><a href='http:\/\/gandrade.com.br\/martech\/artigos\/category\/primeiros-passos\/' title='Primeiros passos' class='pt-cv-tax-primeiros-passos'>Primeiros passos<\/a><\/div>\n<h4 class=\"pt-cv-title\"><a href=\"http:\/\/gandrade.com.br\/martech\/artigos\/integracao-de-crm-com-automacao-de-marketing-o-que-voce-precisa-saber\/\" class=\"_self\" target=\"_self\" >Integra\u00e7\u00e3o de CRM com automa\u00e7\u00e3o de marketing: O que voc\u00ea precisa saber<\/a><\/h4>\n<div class=\"pt-cv-content\">A integra\u00e7\u00e3o de CRM (Customer Relationship Management) com automa\u00e7\u00e3o de marketing \u00e9 uma estrat\u00e9gia essencial para empresas que buscam maximizar ...<br \/><div class=\"pt-cv-rmwrap\"><a href=\"http:\/\/gandrade.com.br\/martech\/artigos\/integracao-de-crm-com-automacao-de-marketing-o-que-voce-precisa-saber\/\" class=\"_self pt-cv-readmore btn btn-success\" target=\"_self\">Leia Mais<\/a><\/div><\/div><\/div>\n<div class=\" pt-cv-content-item pt-cv-1-col\" ><div class=\"pt-cv-thumb-wrapper  \"><a href=\"http:\/\/gandrade.com.br\/martech\/artigos\/como-escolher-a-melhor-solucao-de-martech-para-sua-empresa\/\" class=\"_self pt-cv-href-thumbnail pt-cv-thumb-default\" target=\"_self\" ><img loading=\"lazy\" decoding=\"async\" width=\"300\" height=\"122\" src=\"http:\/\/gandrade.com.br\/martech\/wp-content\/uploads\/2024\/08\/Martech4-300x122.jpg\" class=\"pt-cv-thumbnail\" alt=\"\" srcset=\"http:\/\/gandrade.com.br\/martech\/wp-content\/uploads\/2024\/08\/Martech4-300x122.jpg 300w, http:\/\/gandrade.com.br\/martech\/wp-content\/uploads\/2024\/08\/Martech4-1024x415.jpg 1024w, http:\/\/gandrade.com.br\/martech\/wp-content\/uploads\/2024\/08\/Martech4-768x311.jpg 768w, http:\/\/gandrade.com.br\/martech\/wp-content\/uploads\/2024\/08\/Martech4.jpg 1344w\" sizes=\"auto, 100vw\" \/><\/a><\/div>\n<div class=\"pt-cv-taxoterm above_title\"><a href='http:\/\/gandrade.com.br\/martech\/artigos\/category\/primeiros-passos\/' title='Primeiros passos' class='pt-cv-tax-primeiros-passos'>Primeiros passos<\/a><\/div>\n<h4 class=\"pt-cv-title\"><a href=\"http:\/\/gandrade.com.br\/martech\/artigos\/como-escolher-a-melhor-solucao-de-martech-para-sua-empresa\/\" class=\"_self\" target=\"_self\" >Como escolher a melhor solu\u00e7\u00e3o de Martech para sua empresa<\/a><\/h4>\n<div class=\"pt-cv-content\">Para escolher a melhor solu\u00e7\u00e3o de Martech para sua empresa, \u00e9 fundamental entender o que s\u00e3o essas ferramentas e como ...<br \/><div class=\"pt-cv-rmwrap\"><a href=\"http:\/\/gandrade.com.br\/martech\/artigos\/como-escolher-a-melhor-solucao-de-martech-para-sua-empresa\/\" class=\"_self pt-cv-readmore btn btn-success\" target=\"_self\">Leia Mais<\/a><\/div><\/div><\/div>\n<div class=\" pt-cv-content-item pt-cv-1-col\" ><div class=\"pt-cv-thumb-wrapper  \"><a href=\"http:\/\/gandrade.com.br\/martech\/artigos\/automacao-de-marketing-o-guia-essencial-para-iniciantes\/\" class=\"_self pt-cv-href-thumbnail pt-cv-thumb-default\" target=\"_self\" ><img loading=\"lazy\" decoding=\"async\" width=\"300\" height=\"122\" src=\"http:\/\/gandrade.com.br\/martech\/wp-content\/uploads\/2024\/08\/Martech3-300x122.jpg\" class=\"pt-cv-thumbnail\" alt=\"\" srcset=\"http:\/\/gandrade.com.br\/martech\/wp-content\/uploads\/2024\/08\/Martech3-300x122.jpg 300w, http:\/\/gandrade.com.br\/martech\/wp-content\/uploads\/2024\/08\/Martech3-1024x415.jpg 1024w, http:\/\/gandrade.com.br\/martech\/wp-content\/uploads\/2024\/08\/Martech3-768x311.jpg 768w, http:\/\/gandrade.com.br\/martech\/wp-content\/uploads\/2024\/08\/Martech3.jpg 1344w\" sizes=\"auto, 100vw\" \/><\/a><\/div>\n<div class=\"pt-cv-taxoterm above_title\"><a href='http:\/\/gandrade.com.br\/martech\/artigos\/category\/primeiros-passos\/' title='Primeiros passos' class='pt-cv-tax-primeiros-passos'>Primeiros passos<\/a><\/div>\n<h4 class=\"pt-cv-title\"><a href=\"http:\/\/gandrade.com.br\/martech\/artigos\/automacao-de-marketing-o-guia-essencial-para-iniciantes\/\" class=\"_self\" target=\"_self\" >Automa\u00e7\u00e3o de marketing: O guia essencial para iniciantes<\/a><\/h4>\n<div class=\"pt-cv-content\">A automa\u00e7\u00e3o de marketing \u00e9 uma estrat\u00e9gia poderosa que permite \u00e0s empresas automatizar tarefas repetitivas de marketing, melhorar a efici\u00eancia ...<br \/><div class=\"pt-cv-rmwrap\"><a href=\"http:\/\/gandrade.com.br\/martech\/artigos\/automacao-de-marketing-o-guia-essencial-para-iniciantes\/\" class=\"_self pt-cv-readmore btn btn-success\" target=\"_self\">Leia Mais<\/a><\/div><\/div><\/div>\n<div class=\" pt-cv-content-item pt-cv-1-col\" ><div class=\"pt-cv-thumb-wrapper  \"><a href=\"http:\/\/gandrade.com.br\/martech\/artigos\/como-as-ferramentas-de-martech-podem-impulsionar-a-geracao-de-leads\/\" class=\"_self pt-cv-href-thumbnail pt-cv-thumb-default\" target=\"_self\" ><img loading=\"lazy\" decoding=\"async\" width=\"300\" height=\"122\" src=\"http:\/\/gandrade.com.br\/martech\/wp-content\/uploads\/2024\/08\/martech2-300x122.jpg\" class=\"pt-cv-thumbnail\" alt=\"\" srcset=\"http:\/\/gandrade.com.br\/martech\/wp-content\/uploads\/2024\/08\/martech2-300x122.jpg 300w, http:\/\/gandrade.com.br\/martech\/wp-content\/uploads\/2024\/08\/martech2-1024x415.jpg 1024w, http:\/\/gandrade.com.br\/martech\/wp-content\/uploads\/2024\/08\/martech2-768x311.jpg 768w, http:\/\/gandrade.com.br\/martech\/wp-content\/uploads\/2024\/08\/martech2.jpg 1344w\" sizes=\"auto, 100vw\" \/><\/a><\/div>\n<div class=\"pt-cv-taxoterm above_title\"><a href='http:\/\/gandrade.com.br\/martech\/artigos\/category\/negocios\/' title='Neg\u00f3cios' class='pt-cv-tax-negocios'>Neg\u00f3cios<\/a><\/div>\n<h4 class=\"pt-cv-title\"><a href=\"http:\/\/gandrade.com.br\/martech\/artigos\/como-as-ferramentas-de-martech-podem-impulsionar-a-geracao-de-leads\/\" class=\"_self\" target=\"_self\" >Como as ferramentas de Martech podem impulsionar a gera\u00e7\u00e3o de leads<\/a><\/h4>\n<div class=\"pt-cv-content\">No cen\u00e1rio atual de marketing digital, a integra\u00e7\u00e3o entre marketing e tecnologia, conhecida como Martech, tem se mostrado essencial para ...<br \/><div class=\"pt-cv-rmwrap\"><a href=\"http:\/\/gandrade.com.br\/martech\/artigos\/como-as-ferramentas-de-martech-podem-impulsionar-a-geracao-de-leads\/\" class=\"_self pt-cv-readmore btn btn-success\" target=\"_self\">Leia Mais<\/a><\/div><\/div><\/div>\n<div class=\" pt-cv-content-item pt-cv-1-col\" ><div class=\"pt-cv-thumb-wrapper  \"><a href=\"http:\/\/gandrade.com.br\/martech\/artigos\/o-que-e-martech-e-como-pode-transformar-seu-marketing-digital\/\" class=\"_self pt-cv-href-thumbnail pt-cv-thumb-default\" target=\"_self\" ><img loading=\"lazy\" decoding=\"async\" width=\"300\" height=\"122\" src=\"http:\/\/gandrade.com.br\/martech\/wp-content\/uploads\/2024\/08\/martech1-300x122.jpg\" class=\"pt-cv-thumbnail\" alt=\"\" srcset=\"http:\/\/gandrade.com.br\/martech\/wp-content\/uploads\/2024\/08\/martech1-300x122.jpg 300w, http:\/\/gandrade.com.br\/martech\/wp-content\/uploads\/2024\/08\/martech1-1024x415.jpg 1024w, http:\/\/gandrade.com.br\/martech\/wp-content\/uploads\/2024\/08\/martech1-768x311.jpg 768w, http:\/\/gandrade.com.br\/martech\/wp-content\/uploads\/2024\/08\/martech1.jpg 1344w\" sizes=\"auto, 100vw\" \/><\/a><\/div>\n<div class=\"pt-cv-taxoterm above_title\"><a href='http:\/\/gandrade.com.br\/martech\/artigos\/category\/primeiros-passos\/' title='Primeiros passos' class='pt-cv-tax-primeiros-passos'>Primeiros passos<\/a><\/div>\n<h4 class=\"pt-cv-title\"><a href=\"http:\/\/gandrade.com.br\/martech\/artigos\/o-que-e-martech-e-como-pode-transformar-seu-marketing-digital\/\" class=\"_self\" target=\"_self\" >O que \u00e9 Martech e como pode transformar seu marketing digital?<\/a><\/h4>\n<div class=\"pt-cv-content\">No mundo do marketing digital, a inova\u00e7\u00e3o \u00e9 constante. Martech, a uni\u00e3o de Marketing e Tecnologia, est\u00e1 transformando a forma ...<br \/><div class=\"pt-cv-rmwrap\"><a href=\"http:\/\/gandrade.com.br\/martech\/artigos\/o-que-e-martech-e-como-pode-transformar-seu-marketing-digital\/\" class=\"_self pt-cv-readmore btn btn-success\" target=\"_self\">Leia Mais<\/a><\/div><\/div><\/div><\/div><\/div><\/div>\t\t\t<style type=\"text\/css\" id=\"pt-cv-inline-style-26309bbi30\">\n#pt-cv-view-fdc20cbqne .pt-cv-thumb-wrapper:not(.miniwrap) {  }#pt-cv-view-fdc20cbqne .pt-cv-thumbnail:not(.pt-cv-thumbnailsm) { height: 250px; }#pt-cv-view-fdc20cbqne > .pt-cv-page {grid-template-columns: repeat(3, 1fr);grid-gap: 30px;}\n@media all and (max-width: 1024px) { \n#pt-cv-view-fdc20cbqne > .pt-cv-page {grid-template-columns: repeat(1, 1fr);}\n} \n@media all and (max-width: 767px) { \n#pt-cv-view-fdc20cbqne > .pt-cv-page {grid-template-columns: repeat(1, 1fr);}\n} <\/style>\r\n\t\t\t\n","protected":false},"excerpt":{"rendered":"<p>\u00daltimos artigos<\/p>\n","protected":false},"author":1,"featured_media":0,"parent":0,"menu_order":0,"comment_status":"closed","ping_status":"closed","template":"","meta":{"footnotes":""},"class_list":["post-98","page","type-page","status-publish","hentry"],"yoast_head":"<!-- This site is optimized with the Yoast SEO plugin v23.3 - https:\/\/yoast.com\/wordpress\/plugins\/seo\/ -->\n<title>Artigos relacionados - Gui Andrade<\/title>\n<meta name=\"description\" content=\"Lista de artigos sobre Martech do site do Guilherme Augusto Andrade abordando os temas: primeiros passos, neg\u00f3cios, futuro, etc.\" \/>\n<meta name=\"robots\" content=\"index, follow, max-snippet:-1, max-image-preview:large, max-video-preview:-1\" \/>\n<link rel=\"canonical\" href=\"http:\/\/gandrade.com.br\/martech\/artigos-relacionados\/\" \/>\n<meta property=\"og:locale\" content=\"pt_BR\" \/>\n<meta property=\"og:type\" content=\"article\" \/>\n<meta property=\"og:title\" content=\"Artigos relacionados - Gui Andrade\" \/>\n<meta property=\"og:description\" content=\"Lista de artigos sobre Martech do site do Guilherme Augusto Andrade abordando os temas: primeiros passos, neg\u00f3cios, futuro, etc.\" \/>\n<meta property=\"og:url\" content=\"http:\/\/gandrade.com.br\/martech\/artigos-relacionados\/\" \/>\n<meta property=\"og:site_name\" content=\"Gui Andrade\" \/>\n<meta property=\"article:modified_time\" content=\"2024-09-10T18:55:37+00:00\" \/>\n<meta name=\"twitter:card\" content=\"summary_large_image\" \/>\n<meta name=\"twitter:label1\" content=\"Est. tempo de leitura\" \/>\n\t<meta name=\"twitter:data1\" content=\"1 minuto\" \/>\n<script type=\"application\/ld+json\" class=\"yoast-schema-graph\">{\"@context\":\"https:\/\/schema.org\",\"@graph\":[{\"@type\":\"WebPage\",\"@id\":\"http:\/\/gandrade.com.br\/martech\/artigos-relacionados\/\",\"url\":\"http:\/\/gandrade.com.br\/martech\/artigos-relacionados\/\",\"name\":\"Artigos relacionados - Gui Andrade\",\"isPartOf\":{\"@id\":\"https:\/\/gandrade.com.br\/martech\/#website\"},\"datePublished\":\"2024-08-21T18:58:35+00:00\",\"dateModified\":\"2024-09-10T18:55:37+00:00\",\"description\":\"Lista de artigos sobre Martech do site do Guilherme Augusto Andrade abordando os temas: primeiros passos, neg\u00f3cios, futuro, etc.\",\"breadcrumb\":{\"@id\":\"http:\/\/gandrade.com.br\/martech\/artigos-relacionados\/#breadcrumb\"},\"inLanguage\":\"pt-BR\",\"potentialAction\":[{\"@type\":\"ReadAction\",\"target\":[\"http:\/\/gandrade.com.br\/martech\/artigos-relacionados\/\"]}]},{\"@type\":\"BreadcrumbList\",\"@id\":\"http:\/\/gandrade.com.br\/martech\/artigos-relacionados\/#breadcrumb\",\"itemListElement\":[{\"@type\":\"ListItem\",\"position\":1,\"name\":\"Inicial\",\"item\":\"https:\/\/gandrade.com.br\/martech\/\"},{\"@type\":\"ListItem\",\"position\":2,\"name\":\"Artigos relacionados\"}]},{\"@type\":\"WebSite\",\"@id\":\"https:\/\/gandrade.com.br\/martech\/#website\",\"url\":\"https:\/\/gandrade.com.br\/martech\/\",\"name\":\"Gui Andrade\",\"description\":\"Um site sobre Martech\",\"publisher\":{\"@id\":\"https:\/\/gandrade.com.br\/martech\/#\/schema\/person\/b69b3e4e7b3377c27913fd18e71250ec\"},\"alternateName\":\"Martech hoje\",\"potentialAction\":[{\"@type\":\"SearchAction\",\"target\":{\"@type\":\"EntryPoint\",\"urlTemplate\":\"https:\/\/gandrade.com.br\/martech\/?s={search_term_string}\"},\"query-input\":\"required name=search_term_string\"}],\"inLanguage\":\"pt-BR\"},{\"@type\":[\"Person\",\"Organization\"],\"@id\":\"https:\/\/gandrade.com.br\/martech\/#\/schema\/person\/b69b3e4e7b3377c27913fd18e71250ec\",\"name\":\"Guillherme Andrade\",\"image\":{\"@type\":\"ImageObject\",\"inLanguage\":\"pt-BR\",\"@id\":\"https:\/\/gandrade.com.br\/martech\/#\/schema\/person\/image\/\",\"url\":\"http:\/\/gandrade.com.br\/martech\/wp-content\/uploads\/2024\/08\/cropped-cropped-Logo-martech2-04.png\",\"contentUrl\":\"http:\/\/gandrade.com.br\/martech\/wp-content\/uploads\/2024\/08\/cropped-cropped-Logo-martech2-04.png\",\"width\":250,\"height\":250,\"caption\":\"Guillherme Andrade\"},\"logo\":{\"@id\":\"https:\/\/gandrade.com.br\/martech\/#\/schema\/person\/image\/\"},\"sameAs\":[\"http:\/\/gandrade.com.br\/martech\"]}]}<\/script>\n<!-- \/ Yoast SEO plugin. -->","yoast_head_json":{"title":"Artigos relacionados - Gui Andrade","description":"Lista de artigos sobre Martech do site do Guilherme Augusto Andrade abordando os temas: primeiros passos, neg\u00f3cios, futuro, etc.","robots":{"index":"index","follow":"follow","max-snippet":"max-snippet:-1","max-image-preview":"max-image-preview:large","max-video-preview":"max-video-preview:-1"},"canonical":"http:\/\/gandrade.com.br\/martech\/artigos-relacionados\/","og_locale":"pt_BR","og_type":"article","og_title":"Artigos relacionados - Gui Andrade","og_description":"Lista de artigos sobre Martech do site do Guilherme Augusto Andrade abordando os temas: primeiros passos, neg\u00f3cios, futuro, etc.","og_url":"http:\/\/gandrade.com.br\/martech\/artigos-relacionados\/","og_site_name":"Gui Andrade","article_modified_time":"2024-09-10T18:55:37+00:00","twitter_card":"summary_large_image","twitter_misc":{"Est. tempo de leitura":"1 minuto"},"schema":{"@context":"https:\/\/schema.org","@graph":[{"@type":"WebPage","@id":"http:\/\/gandrade.com.br\/martech\/artigos-relacionados\/","url":"http:\/\/gandrade.com.br\/martech\/artigos-relacionados\/","name":"Artigos relacionados - Gui Andrade","isPartOf":{"@id":"https:\/\/gandrade.com.br\/martech\/#website"},"datePublished":"2024-08-21T18:58:35+00:00","dateModified":"2024-09-10T18:55:37+00:00","description":"Lista de artigos sobre Martech do site do Guilherme Augusto Andrade abordando os temas: primeiros passos, neg\u00f3cios, futuro, etc.","breadcrumb":{"@id":"http:\/\/gandrade.com.br\/martech\/artigos-relacionados\/#breadcrumb"},"inLanguage":"pt-BR","potentialAction":[{"@type":"ReadAction","target":["http:\/\/gandrade.com.br\/martech\/artigos-relacionados\/"]}]},{"@type":"BreadcrumbList","@id":"http:\/\/gandrade.com.br\/martech\/artigos-relacionados\/#breadcrumb","itemListElement":[{"@type":"ListItem","position":1,"name":"Inicial","item":"https:\/\/gandrade.com.br\/martech\/"},{"@type":"ListItem","position":2,"name":"Artigos relacionados"}]},{"@type":"WebSite","@id":"https:\/\/gandrade.com.br\/martech\/#website","url":"https:\/\/gandrade.com.br\/martech\/","name":"Gui Andrade","description":"Um site sobre Martech","publisher":{"@id":"https:\/\/gandrade.com.br\/martech\/#\/schema\/person\/b69b3e4e7b3377c27913fd18e71250ec"},"alternateName":"Martech hoje","potentialAction":[{"@type":"SearchAction","target":{"@type":"EntryPoint","urlTemplate":"https:\/\/gandrade.com.br\/martech\/?s={search_term_string}"},"query-input":"required name=search_term_string"}],"inLanguage":"pt-BR"},{"@type":["Person","Organization"],"@id":"https:\/\/gandrade.com.br\/martech\/#\/schema\/person\/b69b3e4e7b3377c27913fd18e71250ec","name":"Guillherme Andrade","image":{"@type":"ImageObject","inLanguage":"pt-BR","@id":"https:\/\/gandrade.com.br\/martech\/#\/schema\/person\/image\/","url":"http:\/\/gandrade.com.br\/martech\/wp-content\/uploads\/2024\/08\/cropped-cropped-Logo-martech2-04.png","contentUrl":"http:\/\/gandrade.com.br\/martech\/wp-content\/uploads\/2024\/08\/cropped-cropped-Logo-martech2-04.png","width":250,"height":250,"caption":"Guillherme Andrade"},"logo":{"@id":"https:\/\/gandrade.com.br\/martech\/#\/schema\/person\/image\/"},"sameAs":["http:\/\/gandrade.com.br\/martech"]}]}},"_links":{"self":[{"href":"http:\/\/gandrade.com.br\/martech\/wp-json\/wp\/v2\/pages\/98","targetHints":{"allow":["GET"]}}],"collection":[{"href":"http:\/\/gandrade.com.br\/martech\/wp-json\/wp\/v2\/pages"}],"about":[{"href":"http:\/\/gandrade.com.br\/martech\/wp-json\/wp\/v2\/types\/page"}],"author":[{"embeddable":true,"href":"http:\/\/gandrade.com.br\/martech\/wp-json\/wp\/v2\/users\/1"}],"replies":[{"embeddable":true,"href":"http:\/\/gandrade.com.br\/martech\/wp-json\/wp\/v2\/comments?post=98"}],"version-history":[{"count":6,"href":"http:\/\/gandrade.com.br\/martech\/wp-json\/wp\/v2\/pages\/98\/revisions"}],"predecessor-version":[{"id":308,"href":"http:\/\/gandrade.com.br\/martech\/wp-json\/wp\/v2\/pages\/98\/revisions\/308"}],"wp:attachment":[{"href":"http:\/\/gandrade.com.br\/martech\/wp-json\/wp\/v2\/media?parent=98"}],"curies":[{"name":"wp","href":"https:\/\/api.w.org\/{rel}","templated":true}]}}