{"id":9,"date":"2024-08-20T15:36:04","date_gmt":"2024-08-20T18:36:04","guid":{"rendered":"http:\/\/gandrade.provisorio.ws\/martech\/?page_id=9"},"modified":"2024-09-11T19:17:32","modified_gmt":"2024-09-11T22:17:32","slug":"martech","status":"publish","type":"page","link":"http:\/\/gandrade.com.br\/martech\/","title":{"rendered":"Martech"},"content":{"rendered":"\n<div class=\"wp-block-group\"><div class=\"wp-block-group__inner-container is-layout-constrained wp-block-group-is-layout-constrained\">\n<div class=\"wp-block-columns is-layout-flex wp-container-core-columns-is-layout-9d6595d7 wp-block-columns-is-layout-flex\">\n<div class=\"wp-block-column is-layout-flow wp-block-column-is-layout-flow\" style=\"flex-basis:100%\">\n<div class=\"wp-block-columns is-layout-flex wp-container-core-columns-is-layout-9d6595d7 wp-block-columns-is-layout-flex\">\n<div class=\"wp-block-column is-layout-flow wp-block-column-is-layout-flow\">\n<p>Com o avan\u00e7o da transforma\u00e7\u00e3o digital, o marketing tecnol\u00f3gico (Martech) se tornou essencial para empresas que buscam maximizar suas estrat\u00e9gias de marketing digital e aumentar a efici\u00eancia de suas opera\u00e7\u00f5es. Este site tem a proposta de divulgar o conceito de Martech, analisar o uso das ferramentas e dar preciosas dicas para quem trabalha na \u00e1rea.<\/p>\n<\/div>\n<\/div>\n<\/div>\n<\/div>\n<\/div><\/div>\n\n\n\n<div class=\"wp-block-columns is-layout-flex wp-container-core-columns-is-layout-9d6595d7 wp-block-columns-is-layout-flex\">\n<div class=\"wp-block-column is-layout-flow wp-block-column-is-layout-flow\">\n<div class=\"caixa-colorida-1\">\n<h1>O que \u00e9 Martech?<\/h1>\n<p>Martech \u00e9 a combina\u00e7\u00e3o de Marketing e Tecnologia. Refere-se a ferramentas e plataformas que utilizam tecnologia para otimizar estrat\u00e9gias de marketing, como automa\u00e7\u00e3o de marketing, an\u00e1lise de dados e personaliza\u00e7\u00e3o de campanhas.\n<\/p>\n<div class=\"botao-colorido\"><a href=\"\/martech\/artigos\/o-que-e-martech-e-como-pode-transformar-seu-marketing-digital\/\" class=\"link-branco\" style=\"color:#ffffff;\">Saiba Mais<\/a><\/div>\n<\/div>\n<\/div>\n\n\n\n<div class=\"wp-block-column is-layout-flow wp-block-column-is-layout-flow\">\n<div class=\"caixa-colorida-2\">\n<h1>Como implementar nos neg\u00f3cios?<\/h1>\n<p>Defina objetivos claros, escolha ferramentas alinhadas \u00e0s metas e integre-as estrategicamente com ferramentas de automa\u00e7\u00e3o, CRM, e an\u00e1lise de dados, capacitando equipes e otimizando a experi\u00eancia do cliente.\n<\/p>\n<div class=\"botao-colorido\"><a href=\"\/martech\/artigos\/checklist-o-que-considerar-antes-de-implementar-uma-nova-ferramenta-de-martech\/\" class=\"link-branco\" style=\"color:#ffffff;\">Saiba Mais<\/a><\/div>\n<\/div>\n<\/div>\n\n\n\n<div class=\"wp-block-column is-layout-flow wp-block-column-is-layout-flow\">\n<div class=\"caixa-colorida-3\">\n<h1>Quais os resultados?<\/h1>\n<p>Martech resulta em campanhas mais eficazes e personalizadas. Empresas usam dados para segmentar audi\u00eancias com precis\u00e3o, otimizando estrat\u00e9gias em tempo real e melhorando a experi\u00eancia do cliente.\n<\/p>\n<div class=\"botao-colorido\"><a href=\"\/martech\/artigos\/roi-de-martech-como-medir-o-retorno-sobre-investimento\/\" class=\"link-branco\"  style=\"color:#ffffff;\">Saiba Mais<\/a><\/div>\n<\/div>\n<\/div>\n<\/div>\n\n\n\n<h2 class=\"wp-block-heading titulo-inicial\">Benef\u00edcios do uso de martech<\/h2>\n\n\n\n<div class=\"wp-block-columns is-layout-flex wp-container-core-columns-is-layout-9d6595d7 wp-block-columns-is-layout-flex\">\n<div class=\"wp-block-column is-layout-flow wp-block-column-is-layout-flow\">\n<h3 class=\"wp-block-heading has-text-align-center\">Efici\u00eancia<\/h3>\n\n\n<div class=\"wp-block-image\">\n<figure class=\"aligncenter size-full is-resized\"><img loading=\"lazy\" decoding=\"async\" width=\"394\" height=\"390\" src=\"http:\/\/gandrade.provisorio.ws\/martech\/wp-content\/uploads\/2024\/08\/Eficiencia.jpg\" alt=\"\" class=\"wp-image-232\" style=\"width:100px;height:auto\" srcset=\"http:\/\/gandrade.com.br\/martech\/wp-content\/uploads\/2024\/08\/Eficiencia.jpg 394w, http:\/\/gandrade.com.br\/martech\/wp-content\/uploads\/2024\/08\/Eficiencia-300x297.jpg 300w, http:\/\/gandrade.com.br\/martech\/wp-content\/uploads\/2024\/08\/Eficiencia-100x100.jpg 100w\" sizes=\"auto, (max-width: 394px) 100vw, 394px\" \/><\/figure>\n<\/div>\n\n\n<p>Automatiza\u00e7\u00e3o de tarefas repetitivas permite que as equipes se concentrem em estrat\u00e9gias mais criativas e anal\u00edticas.<\/p>\n<\/div>\n\n\n\n<div class=\"wp-block-column is-layout-flow wp-block-column-is-layout-flow\">\n<h3 class=\"wp-block-heading has-text-align-center\">Personaliza\u00e7\u00e3o<\/h3>\n\n\n<div class=\"wp-block-image\">\n<figure class=\"aligncenter size-full is-resized\"><img loading=\"lazy\" decoding=\"async\" width=\"394\" height=\"390\" src=\"http:\/\/gandrade.provisorio.ws\/martech\/wp-content\/uploads\/2024\/08\/personalizavel.jpg\" alt=\"\" class=\"wp-image-239\" style=\"width:100px\" srcset=\"http:\/\/gandrade.com.br\/martech\/wp-content\/uploads\/2024\/08\/personalizavel.jpg 394w, http:\/\/gandrade.com.br\/martech\/wp-content\/uploads\/2024\/08\/personalizavel-300x297.jpg 300w, http:\/\/gandrade.com.br\/martech\/wp-content\/uploads\/2024\/08\/personalizavel-100x100.jpg 100w\" sizes=\"auto, (max-width: 394px) 100vw, 394px\" \/><\/figure>\n<\/div>\n\n\n<p>Com dados detalhados, as empresas podem criar campanhas mais direcionadas e relevantes para seus p\u00fablicos-alvo.<\/p>\n<\/div>\n\n\n\n<div class=\"wp-block-column is-layout-flow wp-block-column-is-layout-flow\">\n<h3 class=\"wp-block-heading has-text-align-center\">Medi\u00e7\u00e3o e An\u00e1lise<\/h3>\n\n\n<div class=\"wp-block-image\">\n<figure class=\"aligncenter size-full is-resized\"><img loading=\"lazy\" decoding=\"async\" width=\"410\" height=\"394\" src=\"http:\/\/gandrade.provisorio.ws\/martech\/wp-content\/uploads\/2024\/08\/medicao.jpg\" alt=\"\" class=\"wp-image-241\" style=\"width:100px\" srcset=\"http:\/\/gandrade.com.br\/martech\/wp-content\/uploads\/2024\/08\/medicao.jpg 410w, http:\/\/gandrade.com.br\/martech\/wp-content\/uploads\/2024\/08\/medicao-300x288.jpg 300w\" sizes=\"auto, (max-width: 410px) 100vw, 410px\" \/><\/figure>\n<\/div>\n\n\n<p>Facilita o monitoramento do desempenho das campanhas, permitindo ajustes em tempo real e melhor ROI.<\/p>\n<\/div>\n<\/div>\n\n\n\n<blockquote class=\"wp-block-quote is-layout-flow wp-block-quote-is-layout-flow\">\n<p class=\"has-text-align-right has-large-font-size\">The future of marketing is about creating meaningful connections, and Martech is the bridge.<\/p>\n<\/blockquote>\n\n\n\n<h2 class=\"wp-block-heading\">A Import\u00e2ncia do Martech nos Neg\u00f3cios<\/h2>\n\n\n\n<p>Nos \u00faltimos anos, o cen\u00e1rio empresarial tem se transformado rapidamente, impulsionado pela evolu\u00e7\u00e3o tecnol\u00f3gica e pela crescente digitaliza\u00e7\u00e3o. Nesse contexto, o Martech (tecnologia de marketing) emergiu como uma ferramenta essencial para empresas que buscam n\u00e3o apenas sobreviver, mas prosperar em um mercado competitivo. A integra\u00e7\u00e3o de tecnologia nas estrat\u00e9gias de marketing permite que as organiza\u00e7\u00f5es otimizem suas opera\u00e7\u00f5es, melhorem a experi\u00eancia do cliente e, consequentemente, aumentem suas receitas.<\/p>\n\n\n\n<blockquote class=\"wp-block-quote is-layout-flow wp-block-quote-is-layout-flow\">\n<p class=\"has-text-align-right has-large-font-size\">Martech is revolutionizing the marketing landscape by enabling more precise targeting and measurement.<\/p>\n<\/blockquote>\n\n\n\n<p>Em resumo, o Martech n\u00e3o \u00e9 apenas uma tend\u00eancia passageira; \u00e9 uma necessidade estrat\u00e9gica para empresas que desejam se destacar em um ambiente de neg\u00f3cios em constante mudan\u00e7a. Ao adotar essas tecnologias, as organiza\u00e7\u00f5es podem n\u00e3o apenas melhorar suas campanhas de marketing, mas tamb\u00e9m criar rela\u00e7\u00f5es mais significativas e duradouras com seus clientes.<\/p>\n\n\n\n<hr class=\"wp-block-separator has-alpha-channel-opacity\"\/>\n\n\n\n<h2 class=\"wp-block-heading\">\u00daltimos artigos<\/h2>\n\n\n<div class=\"pt-cv-wrapper\"><div class=\"pt-cv-view pt-cv-blockgrid iscvblock iscvhybrid grid1 layout1\" id=\"pt-cv-view-d5ce1b8ztc\"><div data-id=\"pt-cv-page-1\" class=\"pt-cv-page\" data-cvc=\"3\"><div class=\" pt-cv-content-item pt-cv-1-col\" ><div class=\"pt-cv-thumb-wrapper  \"><a href=\"http:\/\/gandrade.com.br\/martech\/artigos\/como-para-montar-uma-matriz-rfv-no-rd-station\/\" class=\"_self pt-cv-href-thumbnail pt-cv-thumb-default\" target=\"_self\" ><img loading=\"lazy\" decoding=\"async\" width=\"300\" height=\"122\" src=\"http:\/\/gandrade.com.br\/martech\/wp-content\/uploads\/2024\/09\/RFV-300x122.jpg\" class=\"pt-cv-thumbnail\" alt=\"\" srcset=\"http:\/\/gandrade.com.br\/martech\/wp-content\/uploads\/2024\/09\/RFV-300x122.jpg 300w, http:\/\/gandrade.com.br\/martech\/wp-content\/uploads\/2024\/09\/RFV-1024x415.jpg 1024w, http:\/\/gandrade.com.br\/martech\/wp-content\/uploads\/2024\/09\/RFV-768x311.jpg 768w, http:\/\/gandrade.com.br\/martech\/wp-content\/uploads\/2024\/09\/RFV.jpg 1344w\" sizes=\"auto, 100vw\" \/><\/a><\/div>\n<div class=\"pt-cv-taxoterm above_title\"><a href='http:\/\/gandrade.com.br\/martech\/artigos\/category\/na-pratica\/' title='Na pr\u00e1tica' class='pt-cv-tax-na-pratica'>Na pr\u00e1tica<\/a><\/div>\n<h4 class=\"pt-cv-title\"><a href=\"http:\/\/gandrade.com.br\/martech\/artigos\/como-para-montar-uma-matriz-rfv-no-rd-station\/\" class=\"_self\" target=\"_self\" >Dicas de como montar uma Matriz RFV no RD Station<\/a><\/h4>\n<div class=\"pt-cv-content\">A constru\u00e7\u00e3o de uma Matriz RFV (Rec\u00eancia, Frequ\u00eancia e Valor) \u00e9 uma ferramenta poderosa para identificar e classificar clientes, ajudando ...<br \/><div class=\"pt-cv-rmwrap\"><a href=\"http:\/\/gandrade.com.br\/martech\/artigos\/como-para-montar-uma-matriz-rfv-no-rd-station\/\" class=\"_self pt-cv-readmore btn btn-success\" target=\"_self\">Leia Mais<\/a><\/div><\/div><\/div>\n<div class=\" pt-cv-content-item pt-cv-1-col\" ><div class=\"pt-cv-thumb-wrapper  \"><a href=\"http:\/\/gandrade.com.br\/martech\/artigos\/o-que-e-a-matriz-rfv-e-quais-as-suas-principais-vantagens\/\" class=\"_self pt-cv-href-thumbnail pt-cv-thumb-default\" target=\"_self\" ><img loading=\"lazy\" decoding=\"async\" width=\"300\" height=\"122\" src=\"http:\/\/gandrade.com.br\/martech\/wp-content\/uploads\/2024\/09\/Matriz-RFV-300x122.jpg\" class=\"pt-cv-thumbnail\" alt=\"\" srcset=\"http:\/\/gandrade.com.br\/martech\/wp-content\/uploads\/2024\/09\/Matriz-RFV-300x122.jpg 300w, http:\/\/gandrade.com.br\/martech\/wp-content\/uploads\/2024\/09\/Matriz-RFV-1024x415.jpg 1024w, http:\/\/gandrade.com.br\/martech\/wp-content\/uploads\/2024\/09\/Matriz-RFV-768x311.jpg 768w, http:\/\/gandrade.com.br\/martech\/wp-content\/uploads\/2024\/09\/Matriz-RFV.jpg 1344w\" sizes=\"auto, 100vw\" \/><\/a><\/div>\n<div class=\"pt-cv-taxoterm above_title\"><a href='http:\/\/gandrade.com.br\/martech\/artigos\/category\/negocios\/' title='Neg\u00f3cios' class='pt-cv-tax-negocios'>Neg\u00f3cios<\/a><\/div>\n<h4 class=\"pt-cv-title\"><a href=\"http:\/\/gandrade.com.br\/martech\/artigos\/o-que-e-a-matriz-rfv-e-quais-as-suas-principais-vantagens\/\" class=\"_self\" target=\"_self\" >O que \u00e9 a Matriz RFV e quais as suas principais vantagens<\/a><\/h4>\n<div class=\"pt-cv-content\">A Matriz RFV (Rec\u00eancia, Frequ\u00eancia e Valor Monet\u00e1rio) \u00e9 uma ferramenta poderosa de marketing para segmenta\u00e7\u00e3o de clientes, permitindo que ...<br \/><div class=\"pt-cv-rmwrap\"><a href=\"http:\/\/gandrade.com.br\/martech\/artigos\/o-que-e-a-matriz-rfv-e-quais-as-suas-principais-vantagens\/\" class=\"_self pt-cv-readmore btn btn-success\" target=\"_self\">Leia Mais<\/a><\/div><\/div><\/div>\n<div class=\" pt-cv-content-item pt-cv-1-col\" ><div class=\"pt-cv-thumb-wrapper  \"><a href=\"http:\/\/gandrade.com.br\/martech\/artigos\/checklist-o-que-considerar-antes-de-implementar-uma-nova-ferramenta-de-martech\/\" class=\"_self pt-cv-href-thumbnail pt-cv-thumb-default\" target=\"_self\" ><img loading=\"lazy\" decoding=\"async\" width=\"300\" height=\"122\" src=\"http:\/\/gandrade.com.br\/martech\/wp-content\/uploads\/2024\/08\/Checklist-300x122.jpg\" class=\"pt-cv-thumbnail\" alt=\"Checklist martech\" srcset=\"http:\/\/gandrade.com.br\/martech\/wp-content\/uploads\/2024\/08\/Checklist-300x122.jpg 300w, http:\/\/gandrade.com.br\/martech\/wp-content\/uploads\/2024\/08\/Checklist-1024x415.jpg 1024w, http:\/\/gandrade.com.br\/martech\/wp-content\/uploads\/2024\/08\/Checklist-768x311.jpg 768w, http:\/\/gandrade.com.br\/martech\/wp-content\/uploads\/2024\/08\/Checklist.jpg 1344w\" sizes=\"auto, 100vw\" \/><\/a><\/div>\n<div class=\"pt-cv-taxoterm above_title\"><a href='http:\/\/gandrade.com.br\/martech\/artigos\/category\/na-pratica\/' title='Na pr\u00e1tica' class='pt-cv-tax-na-pratica'>Na pr\u00e1tica<\/a><\/div>\n<h4 class=\"pt-cv-title\"><a href=\"http:\/\/gandrade.com.br\/martech\/artigos\/checklist-o-que-considerar-antes-de-implementar-uma-nova-ferramenta-de-martech\/\" class=\"_self\" target=\"_self\" >Checklist: O que considerar antes de implementar uma nova ferramenta de Martech<\/a><\/h4>\n<div class=\"pt-cv-content\">Checklist para ajudar na decis\u00e3o final antes de comprar Antes de implementar uma nova ferramenta de Martech, \u00e9 essencial considerar ...<br \/><div class=\"pt-cv-rmwrap\"><a href=\"http:\/\/gandrade.com.br\/martech\/artigos\/checklist-o-que-considerar-antes-de-implementar-uma-nova-ferramenta-de-martech\/\" class=\"_self pt-cv-readmore btn btn-success\" target=\"_self\">Leia Mais<\/a><\/div><\/div><\/div><\/div><\/div><\/div>\t\t\t<style type=\"text\/css\" id=\"pt-cv-inline-style-bd16862548\">\n#pt-cv-view-d5ce1b8ztc .pt-cv-thumb-wrapper:not(.miniwrap) {  }#pt-cv-view-d5ce1b8ztc .pt-cv-thumbnail:not(.pt-cv-thumbnailsm) { height: 250px; }#pt-cv-view-d5ce1b8ztc > .pt-cv-page {grid-template-columns: repeat(3, 1fr);grid-gap: 30px;}\n@media all and (max-width: 1024px) { \n#pt-cv-view-d5ce1b8ztc > .pt-cv-page {grid-template-columns: repeat(1, 1fr);}\n} \n@media all and (max-width: 767px) { \n#pt-cv-view-d5ce1b8ztc > .pt-cv-page {grid-template-columns: repeat(1, 1fr);}\n} <\/style>\r\n\t\t\t\n","protected":false},"excerpt":{"rendered":"<p>Com o avan\u00e7o da transforma\u00e7\u00e3o digital, o marketing tecnol\u00f3gico (Martech) se tornou essencial para empresas que buscam maximizar suas estrat\u00e9gias de marketing digital e aumentar a efici\u00eancia de suas opera\u00e7\u00f5es. Este site tem a proposta de divulgar o conceito de Martech, analisar o uso das ferramentas e dar preciosas dicas para quem trabalha na \u00e1rea. &hellip; <\/p>\n<p class=\"link-more\"><a href=\"http:\/\/gandrade.com.br\/martech\/\" class=\"more-link\">Continue lendo<span class=\"screen-reader-text\"> &#8220;Martech&#8221;<\/span><\/a><\/p>\n","protected":false},"author":1,"featured_media":0,"parent":0,"menu_order":0,"comment_status":"closed","ping_status":"closed","template":"","meta":{"footnotes":""},"class_list":["post-9","page","type-page","status-publish","hentry"],"yoast_head":"<!-- This site is optimized with the Yoast SEO plugin v23.3 - https:\/\/yoast.com\/wordpress\/plugins\/seo\/ -->\n<title>Guilherme Augusto Andrade - Um site sobre Martech<\/title>\n<meta name=\"description\" content=\"Site do profissional Guilherme Augusto Andrade que aborda quest\u00f5es sobre Martech (experi\u00eancia profissional, dicas e previs\u00f5es do mercado).\" \/>\n<meta name=\"robots\" content=\"index, follow, max-snippet:-1, max-image-preview:large, max-video-preview:-1\" \/>\n<link rel=\"canonical\" href=\"https:\/\/gandrade.com.br\/martech\/\" \/>\n<meta property=\"og:locale\" content=\"pt_BR\" \/>\n<meta property=\"og:type\" content=\"article\" \/>\n<meta property=\"og:title\" content=\"Guilherme Augusto Andrade - Um site sobre Martech\" \/>\n<meta property=\"og:description\" content=\"Site do profissional Guilherme Augusto Andrade que aborda quest\u00f5es sobre Martech (experi\u00eancia profissional, dicas e previs\u00f5es do mercado).\" \/>\n<meta property=\"og:url\" content=\"https:\/\/gandrade.com.br\/martech\/\" \/>\n<meta property=\"og:site_name\" content=\"Gui Andrade\" \/>\n<meta property=\"article:modified_time\" content=\"2024-09-11T22:17:32+00:00\" \/>\n<meta property=\"og:image\" content=\"http:\/\/gandrade.provisorio.ws\/martech\/wp-content\/uploads\/2024\/08\/Eficiencia.jpg\" \/>\n<meta name=\"twitter:card\" content=\"summary_large_image\" \/>\n<meta name=\"twitter:label1\" content=\"Est. tempo de leitura\" \/>\n\t<meta name=\"twitter:data1\" content=\"3 minutos\" \/>\n<script type=\"application\/ld+json\" class=\"yoast-schema-graph\">{\"@context\":\"https:\/\/schema.org\",\"@graph\":[{\"@type\":\"WebPage\",\"@id\":\"https:\/\/gandrade.com.br\/martech\/\",\"url\":\"https:\/\/gandrade.com.br\/martech\/\",\"name\":\"Guilherme Augusto Andrade - Um site sobre Martech\",\"isPartOf\":{\"@id\":\"https:\/\/gandrade.com.br\/martech\/#website\"},\"primaryImageOfPage\":{\"@id\":\"https:\/\/gandrade.com.br\/martech\/#primaryimage\"},\"image\":{\"@id\":\"https:\/\/gandrade.com.br\/martech\/#primaryimage\"},\"thumbnailUrl\":\"http:\/\/gandrade.provisorio.ws\/martech\/wp-content\/uploads\/2024\/08\/Eficiencia.jpg\",\"datePublished\":\"2024-08-20T18:36:04+00:00\",\"dateModified\":\"2024-09-11T22:17:32+00:00\",\"description\":\"Site do profissional Guilherme Augusto Andrade que aborda quest\u00f5es sobre Martech (experi\u00eancia profissional, dicas e previs\u00f5es do mercado).\",\"breadcrumb\":{\"@id\":\"https:\/\/gandrade.com.br\/martech\/#breadcrumb\"},\"inLanguage\":\"pt-BR\",\"potentialAction\":[{\"@type\":\"ReadAction\",\"target\":[\"https:\/\/gandrade.com.br\/martech\/\"]}]},{\"@type\":\"ImageObject\",\"inLanguage\":\"pt-BR\",\"@id\":\"https:\/\/gandrade.com.br\/martech\/#primaryimage\",\"url\":\"http:\/\/gandrade.provisorio.ws\/martech\/wp-content\/uploads\/2024\/08\/Eficiencia.jpg\",\"contentUrl\":\"http:\/\/gandrade.provisorio.ws\/martech\/wp-content\/uploads\/2024\/08\/Eficiencia.jpg\"},{\"@type\":\"BreadcrumbList\",\"@id\":\"https:\/\/gandrade.com.br\/martech\/#breadcrumb\",\"itemListElement\":[{\"@type\":\"ListItem\",\"position\":1,\"name\":\"Inicial\",\"item\":\"https:\/\/gandrade.com.br\/martech\/\"},{\"@type\":\"ListItem\",\"position\":2,\"name\":\"Martech\"}]},{\"@type\":\"WebSite\",\"@id\":\"https:\/\/gandrade.com.br\/martech\/#website\",\"url\":\"https:\/\/gandrade.com.br\/martech\/\",\"name\":\"Gui Andrade\",\"description\":\"Um site sobre Martech\",\"publisher\":{\"@id\":\"https:\/\/gandrade.com.br\/martech\/#\/schema\/person\/b69b3e4e7b3377c27913fd18e71250ec\"},\"alternateName\":\"Martech hoje\",\"potentialAction\":[{\"@type\":\"SearchAction\",\"target\":{\"@type\":\"EntryPoint\",\"urlTemplate\":\"https:\/\/gandrade.com.br\/martech\/?s={search_term_string}\"},\"query-input\":\"required name=search_term_string\"}],\"inLanguage\":\"pt-BR\"},{\"@type\":[\"Person\",\"Organization\"],\"@id\":\"https:\/\/gandrade.com.br\/martech\/#\/schema\/person\/b69b3e4e7b3377c27913fd18e71250ec\",\"name\":\"Guillherme Andrade\",\"image\":{\"@type\":\"ImageObject\",\"inLanguage\":\"pt-BR\",\"@id\":\"https:\/\/gandrade.com.br\/martech\/#\/schema\/person\/image\/\",\"url\":\"http:\/\/gandrade.com.br\/martech\/wp-content\/uploads\/2024\/08\/cropped-cropped-Logo-martech2-04.png\",\"contentUrl\":\"http:\/\/gandrade.com.br\/martech\/wp-content\/uploads\/2024\/08\/cropped-cropped-Logo-martech2-04.png\",\"width\":250,\"height\":250,\"caption\":\"Guillherme Andrade\"},\"logo\":{\"@id\":\"https:\/\/gandrade.com.br\/martech\/#\/schema\/person\/image\/\"},\"sameAs\":[\"http:\/\/gandrade.com.br\/martech\"]}]}<\/script>\n<!-- \/ Yoast SEO plugin. -->","yoast_head_json":{"title":"Guilherme Augusto Andrade - Um site sobre Martech","description":"Site do profissional Guilherme Augusto Andrade que aborda quest\u00f5es sobre Martech (experi\u00eancia profissional, dicas e previs\u00f5es do mercado).","robots":{"index":"index","follow":"follow","max-snippet":"max-snippet:-1","max-image-preview":"max-image-preview:large","max-video-preview":"max-video-preview:-1"},"canonical":"https:\/\/gandrade.com.br\/martech\/","og_locale":"pt_BR","og_type":"article","og_title":"Guilherme Augusto Andrade - Um site sobre Martech","og_description":"Site do profissional Guilherme Augusto Andrade que aborda quest\u00f5es sobre Martech (experi\u00eancia profissional, dicas e previs\u00f5es do mercado).","og_url":"https:\/\/gandrade.com.br\/martech\/","og_site_name":"Gui Andrade","article_modified_time":"2024-09-11T22:17:32+00:00","og_image":[{"url":"http:\/\/gandrade.provisorio.ws\/martech\/wp-content\/uploads\/2024\/08\/Eficiencia.jpg"}],"twitter_card":"summary_large_image","twitter_misc":{"Est. tempo de leitura":"3 minutos"},"schema":{"@context":"https:\/\/schema.org","@graph":[{"@type":"WebPage","@id":"https:\/\/gandrade.com.br\/martech\/","url":"https:\/\/gandrade.com.br\/martech\/","name":"Guilherme Augusto Andrade - Um site sobre Martech","isPartOf":{"@id":"https:\/\/gandrade.com.br\/martech\/#website"},"primaryImageOfPage":{"@id":"https:\/\/gandrade.com.br\/martech\/#primaryimage"},"image":{"@id":"https:\/\/gandrade.com.br\/martech\/#primaryimage"},"thumbnailUrl":"http:\/\/gandrade.provisorio.ws\/martech\/wp-content\/uploads\/2024\/08\/Eficiencia.jpg","datePublished":"2024-08-20T18:36:04+00:00","dateModified":"2024-09-11T22:17:32+00:00","description":"Site do profissional Guilherme Augusto Andrade que aborda quest\u00f5es sobre Martech (experi\u00eancia profissional, dicas e previs\u00f5es do mercado).","breadcrumb":{"@id":"https:\/\/gandrade.com.br\/martech\/#breadcrumb"},"inLanguage":"pt-BR","potentialAction":[{"@type":"ReadAction","target":["https:\/\/gandrade.com.br\/martech\/"]}]},{"@type":"ImageObject","inLanguage":"pt-BR","@id":"https:\/\/gandrade.com.br\/martech\/#primaryimage","url":"http:\/\/gandrade.provisorio.ws\/martech\/wp-content\/uploads\/2024\/08\/Eficiencia.jpg","contentUrl":"http:\/\/gandrade.provisorio.ws\/martech\/wp-content\/uploads\/2024\/08\/Eficiencia.jpg"},{"@type":"BreadcrumbList","@id":"https:\/\/gandrade.com.br\/martech\/#breadcrumb","itemListElement":[{"@type":"ListItem","position":1,"name":"Inicial","item":"https:\/\/gandrade.com.br\/martech\/"},{"@type":"ListItem","position":2,"name":"Martech"}]},{"@type":"WebSite","@id":"https:\/\/gandrade.com.br\/martech\/#website","url":"https:\/\/gandrade.com.br\/martech\/","name":"Gui Andrade","description":"Um site sobre Martech","publisher":{"@id":"https:\/\/gandrade.com.br\/martech\/#\/schema\/person\/b69b3e4e7b3377c27913fd18e71250ec"},"alternateName":"Martech hoje","potentialAction":[{"@type":"SearchAction","target":{"@type":"EntryPoint","urlTemplate":"https:\/\/gandrade.com.br\/martech\/?s={search_term_string}"},"query-input":"required name=search_term_string"}],"inLanguage":"pt-BR"},{"@type":["Person","Organization"],"@id":"https:\/\/gandrade.com.br\/martech\/#\/schema\/person\/b69b3e4e7b3377c27913fd18e71250ec","name":"Guillherme Andrade","image":{"@type":"ImageObject","inLanguage":"pt-BR","@id":"https:\/\/gandrade.com.br\/martech\/#\/schema\/person\/image\/","url":"http:\/\/gandrade.com.br\/martech\/wp-content\/uploads\/2024\/08\/cropped-cropped-Logo-martech2-04.png","contentUrl":"http:\/\/gandrade.com.br\/martech\/wp-content\/uploads\/2024\/08\/cropped-cropped-Logo-martech2-04.png","width":250,"height":250,"caption":"Guillherme Andrade"},"logo":{"@id":"https:\/\/gandrade.com.br\/martech\/#\/schema\/person\/image\/"},"sameAs":["http:\/\/gandrade.com.br\/martech"]}]}},"_links":{"self":[{"href":"http:\/\/gandrade.com.br\/martech\/wp-json\/wp\/v2\/pages\/9","targetHints":{"allow":["GET"]}}],"collection":[{"href":"http:\/\/gandrade.com.br\/martech\/wp-json\/wp\/v2\/pages"}],"about":[{"href":"http:\/\/gandrade.com.br\/martech\/wp-json\/wp\/v2\/types\/page"}],"author":[{"embeddable":true,"href":"http:\/\/gandrade.com.br\/martech\/wp-json\/wp\/v2\/users\/1"}],"replies":[{"embeddable":true,"href":"http:\/\/gandrade.com.br\/martech\/wp-json\/wp\/v2\/comments?post=9"}],"version-history":[{"count":122,"href":"http:\/\/gandrade.com.br\/martech\/wp-json\/wp\/v2\/pages\/9\/revisions"}],"predecessor-version":[{"id":607,"href":"http:\/\/gandrade.com.br\/martech\/wp-json\/wp\/v2\/pages\/9\/revisions\/607"}],"wp:attachment":[{"href":"http:\/\/gandrade.com.br\/martech\/wp-json\/wp\/v2\/media?parent=9"}],"curies":[{"name":"wp","href":"https:\/\/api.w.org\/{rel}","templated":true}]}}