{"id":15,"date":"2024-08-20T15:37:46","date_gmt":"2024-08-20T18:37:46","guid":{"rendered":"http:\/\/gandrade.provisorio.ws\/martech\/?page_id=15"},"modified":"2024-08-30T20:21:05","modified_gmt":"2024-08-30T23:21:05","slug":"contato","status":"publish","type":"page","link":"http:\/\/gandrade.com.br\/martech\/contato\/","title":{"rendered":"Contato"},"content":{"rendered":"<div class=\"yoast-breadcrumbs\"><span><span><a href=\"https:\/\/gandrade.com.br\/martech\/\">Inicial<\/a><\/span> \u00bb <span class=\"breadcrumb_last\" aria-current=\"page\">Contato<\/span><\/span><\/div>\n\n\n<h2 class=\"wp-block-heading\">Quer saber mais sobre como Martech pode ajudar a sua empresa?<br>Mande uma mensagem para conversarmos.<\/h2>\n\n\n\n<p class=\"has-text-align-left\"><div class=\"wpforms-container wpforms-container-full wpforms-render-modern\" id=\"wpforms-76\"><form id=\"wpforms-form-76\" class=\"wpforms-validate wpforms-form wpforms-ajax-form\" data-formid=\"76\" method=\"post\" enctype=\"multipart\/form-data\" action=\"\/martech\/wp-json\/wp\/v2\/pages\/15\" data-token=\"df6a991bb4d400373c6a81aa906a895f\" data-token-time=\"1778089024\"><noscript class=\"wpforms-error-noscript\">Ative o JavaScript no seu navegador para preencher este formul\u00e1rio.<\/noscript><div class=\"wpforms-hidden\" id=\"wpforms-error-noscript\">Ative o JavaScript no seu navegador para preencher este formul\u00e1rio.<\/div><div class=\"wpforms-field-container\"><div id=\"wpforms-76-field_1-container\" class=\"wpforms-field wpforms-field-name\" data-field-id=\"1\"><fieldset><legend class=\"wpforms-field-label\">Nome <span class=\"wpforms-required-label\" aria-hidden=\"true\">*<\/span><\/legend><div class=\"wpforms-field-row wpforms-field-medium\"><div class=\"wpforms-field-row-block wpforms-first wpforms-one-half\"><input type=\"text\" id=\"wpforms-76-field_1\" class=\"wpforms-field-name-first wpforms-field-required\" name=\"wpforms[fields][1][first]\" aria-errormessage=\"wpforms-76-field_1-error\" required><label for=\"wpforms-76-field_1\" class=\"wpforms-field-sublabel after\">Nome<\/label><\/div><div class=\"wpforms-field-row-block wpforms-one-half\"><input type=\"text\" id=\"wpforms-76-field_1-last\" class=\"wpforms-field-name-last wpforms-field-required\" name=\"wpforms[fields][1][last]\" aria-errormessage=\"wpforms-76-field_1-last-error\" required><label for=\"wpforms-76-field_1-last\" class=\"wpforms-field-sublabel after\">Sobrenome<\/label><\/div><\/div><\/fieldset><\/div><div id=\"wpforms-76-field_2-container\" class=\"wpforms-field wpforms-field-email\" data-field-id=\"2\"><label class=\"wpforms-field-label\" for=\"wpforms-76-field_2\">E-mail <span class=\"wpforms-required-label\" aria-hidden=\"true\">*<\/span><\/label><input type=\"email\" id=\"wpforms-76-field_2\" class=\"wpforms-field-medium wpforms-field-required\" name=\"wpforms[fields][2]\" spellcheck=\"false\" aria-errormessage=\"wpforms-76-field_2-error\" required><\/div><div id=\"wpforms-76-field_3-container\" class=\"wpforms-field wpforms-field-textarea\" data-field-id=\"3\"><label class=\"wpforms-field-label\" for=\"wpforms-76-field_3\">Coment\u00e1rio ou Mensagem<\/label><textarea id=\"wpforms-76-field_3\" class=\"wpforms-field-medium\" name=\"wpforms[fields][3]\" aria-errormessage=\"wpforms-76-field_3-error\" ><\/textarea><\/div><\/div><!-- .wpforms-field-container --><div class=\"wpforms-submit-container\" ><input type=\"hidden\" name=\"wpforms[id]\" value=\"76\"><input type=\"hidden\" name=\"page_title\" value=\"\"><input type=\"hidden\" name=\"page_url\" value=\"http:\/\/gandrade.com.br\/martech\/wp-json\/wp\/v2\/pages\/15\"><button type=\"submit\" name=\"wpforms[submit]\" id=\"wpforms-submit-76\" class=\"wpforms-submit\" data-alt-text=\"Enviando\u2026\" data-submit-text=\"Enviar\" aria-live=\"assertive\" value=\"wpforms-submit\">Enviar<\/button><img loading=\"lazy\" decoding=\"async\" src=\"http:\/\/gandrade.com.br\/martech\/wp-content\/plugins\/wpforms-lite\/assets\/images\/submit-spin.svg\" class=\"wpforms-submit-spinner\" style=\"display: none;\" width=\"26\" height=\"26\" alt=\"Carregando\"><\/div><\/form><\/div>  <!-- .wpforms-container --><\/p>\n","protected":false},"excerpt":{"rendered":"<p>Quer saber mais sobre como Martech pode ajudar a sua empresa?Mande uma mensagem para conversarmos.<\/p>\n","protected":false},"author":1,"featured_media":0,"parent":0,"menu_order":0,"comment_status":"closed","ping_status":"closed","template":"","meta":{"footnotes":""},"class_list":["post-15","page","type-page","status-publish","hentry"],"yoast_head":"<!-- This site is optimized with the Yoast SEO plugin v23.3 - https:\/\/yoast.com\/wordpress\/plugins\/seo\/ -->\n<title>P\u00e1gina de contato do site Guilherme Augusto Andrade<\/title>\n<meta name=\"description\" content=\"Esta \u00e9 a p\u00e1gina onde voc\u00ea pode enviar uma mensagem para o Guilherme Augusto Andrade sobre Martech e afins.\" \/>\n<meta name=\"robots\" content=\"index, follow, max-snippet:-1, max-image-preview:large, max-video-preview:-1\" \/>\n<link rel=\"canonical\" href=\"https:\/\/gandrade.com.br\/martech\/contato\/\" \/>\n<meta property=\"og:locale\" content=\"pt_BR\" \/>\n<meta property=\"og:type\" content=\"article\" \/>\n<meta property=\"og:title\" content=\"P\u00e1gina de contato do site Guilherme Augusto Andrade\" \/>\n<meta property=\"og:description\" content=\"Esta \u00e9 a p\u00e1gina onde voc\u00ea pode enviar uma mensagem para o Guilherme Augusto Andrade sobre Martech e afins.\" \/>\n<meta property=\"og:url\" content=\"https:\/\/gandrade.com.br\/martech\/contato\/\" \/>\n<meta property=\"og:site_name\" content=\"Gui Andrade\" \/>\n<meta property=\"article:modified_time\" content=\"2024-08-30T23:21:05+00:00\" \/>\n<meta name=\"twitter:card\" content=\"summary_large_image\" \/>\n<meta name=\"twitter:label1\" content=\"Est. tempo de leitura\" \/>\n\t<meta name=\"twitter:data1\" content=\"1 minuto\" \/>\n<script type=\"application\/ld+json\" class=\"yoast-schema-graph\">{\"@context\":\"https:\/\/schema.org\",\"@graph\":[{\"@type\":\"WebPage\",\"@id\":\"https:\/\/gandrade.com.br\/martech\/contato\/\",\"url\":\"https:\/\/gandrade.com.br\/martech\/contato\/\",\"name\":\"P\u00e1gina de contato do site Guilherme Augusto Andrade\",\"isPartOf\":{\"@id\":\"https:\/\/gandrade.com.br\/martech\/#website\"},\"datePublished\":\"2024-08-20T18:37:46+00:00\",\"dateModified\":\"2024-08-30T23:21:05+00:00\",\"description\":\"Esta \u00e9 a p\u00e1gina onde voc\u00ea pode enviar uma mensagem para o Guilherme Augusto Andrade sobre Martech e afins.\",\"breadcrumb\":{\"@id\":\"https:\/\/gandrade.com.br\/martech\/contato\/#breadcrumb\"},\"inLanguage\":\"pt-BR\",\"potentialAction\":[{\"@type\":\"ReadAction\",\"target\":[\"https:\/\/gandrade.com.br\/martech\/contato\/\"]}]},{\"@type\":\"BreadcrumbList\",\"@id\":\"https:\/\/gandrade.com.br\/martech\/contato\/#breadcrumb\",\"itemListElement\":[{\"@type\":\"ListItem\",\"position\":1,\"name\":\"Inicial\",\"item\":\"https:\/\/gandrade.com.br\/martech\/\"},{\"@type\":\"ListItem\",\"position\":2,\"name\":\"Contato\"}]},{\"@type\":\"WebSite\",\"@id\":\"https:\/\/gandrade.com.br\/martech\/#website\",\"url\":\"https:\/\/gandrade.com.br\/martech\/\",\"name\":\"Gui Andrade\",\"description\":\"Um site sobre Martech\",\"publisher\":{\"@id\":\"https:\/\/gandrade.com.br\/martech\/#\/schema\/person\/b69b3e4e7b3377c27913fd18e71250ec\"},\"alternateName\":\"Martech hoje\",\"potentialAction\":[{\"@type\":\"SearchAction\",\"target\":{\"@type\":\"EntryPoint\",\"urlTemplate\":\"https:\/\/gandrade.com.br\/martech\/?s={search_term_string}\"},\"query-input\":\"required name=search_term_string\"}],\"inLanguage\":\"pt-BR\"},{\"@type\":[\"Person\",\"Organization\"],\"@id\":\"https:\/\/gandrade.com.br\/martech\/#\/schema\/person\/b69b3e4e7b3377c27913fd18e71250ec\",\"name\":\"Guillherme Andrade\",\"image\":{\"@type\":\"ImageObject\",\"inLanguage\":\"pt-BR\",\"@id\":\"https:\/\/gandrade.com.br\/martech\/#\/schema\/person\/image\/\",\"url\":\"http:\/\/gandrade.com.br\/martech\/wp-content\/uploads\/2024\/08\/cropped-cropped-Logo-martech2-04.png\",\"contentUrl\":\"http:\/\/gandrade.com.br\/martech\/wp-content\/uploads\/2024\/08\/cropped-cropped-Logo-martech2-04.png\",\"width\":250,\"height\":250,\"caption\":\"Guillherme Andrade\"},\"logo\":{\"@id\":\"https:\/\/gandrade.com.br\/martech\/#\/schema\/person\/image\/\"},\"sameAs\":[\"http:\/\/gandrade.com.br\/martech\"]}]}<\/script>\n<!-- \/ Yoast SEO plugin. -->","yoast_head_json":{"title":"P\u00e1gina de contato do site Guilherme Augusto Andrade","description":"Esta \u00e9 a p\u00e1gina onde voc\u00ea pode enviar uma mensagem para o Guilherme Augusto Andrade sobre Martech e afins.","robots":{"index":"index","follow":"follow","max-snippet":"max-snippet:-1","max-image-preview":"max-image-preview:large","max-video-preview":"max-video-preview:-1"},"canonical":"https:\/\/gandrade.com.br\/martech\/contato\/","og_locale":"pt_BR","og_type":"article","og_title":"P\u00e1gina de contato do site Guilherme Augusto Andrade","og_description":"Esta \u00e9 a p\u00e1gina onde voc\u00ea pode enviar uma mensagem para o Guilherme Augusto Andrade sobre Martech e afins.","og_url":"https:\/\/gandrade.com.br\/martech\/contato\/","og_site_name":"Gui Andrade","article_modified_time":"2024-08-30T23:21:05+00:00","twitter_card":"summary_large_image","twitter_misc":{"Est. tempo de leitura":"1 minuto"},"schema":{"@context":"https:\/\/schema.org","@graph":[{"@type":"WebPage","@id":"https:\/\/gandrade.com.br\/martech\/contato\/","url":"https:\/\/gandrade.com.br\/martech\/contato\/","name":"P\u00e1gina de contato do site Guilherme Augusto Andrade","isPartOf":{"@id":"https:\/\/gandrade.com.br\/martech\/#website"},"datePublished":"2024-08-20T18:37:46+00:00","dateModified":"2024-08-30T23:21:05+00:00","description":"Esta \u00e9 a p\u00e1gina onde voc\u00ea pode enviar uma mensagem para o Guilherme Augusto Andrade sobre Martech e afins.","breadcrumb":{"@id":"https:\/\/gandrade.com.br\/martech\/contato\/#breadcrumb"},"inLanguage":"pt-BR","potentialAction":[{"@type":"ReadAction","target":["https:\/\/gandrade.com.br\/martech\/contato\/"]}]},{"@type":"BreadcrumbList","@id":"https:\/\/gandrade.com.br\/martech\/contato\/#breadcrumb","itemListElement":[{"@type":"ListItem","position":1,"name":"Inicial","item":"https:\/\/gandrade.com.br\/martech\/"},{"@type":"ListItem","position":2,"name":"Contato"}]},{"@type":"WebSite","@id":"https:\/\/gandrade.com.br\/martech\/#website","url":"https:\/\/gandrade.com.br\/martech\/","name":"Gui Andrade","description":"Um site sobre Martech","publisher":{"@id":"https:\/\/gandrade.com.br\/martech\/#\/schema\/person\/b69b3e4e7b3377c27913fd18e71250ec"},"alternateName":"Martech hoje","potentialAction":[{"@type":"SearchAction","target":{"@type":"EntryPoint","urlTemplate":"https:\/\/gandrade.com.br\/martech\/?s={search_term_string}"},"query-input":"required name=search_term_string"}],"inLanguage":"pt-BR"},{"@type":["Person","Organization"],"@id":"https:\/\/gandrade.com.br\/martech\/#\/schema\/person\/b69b3e4e7b3377c27913fd18e71250ec","name":"Guillherme Andrade","image":{"@type":"ImageObject","inLanguage":"pt-BR","@id":"https:\/\/gandrade.com.br\/martech\/#\/schema\/person\/image\/","url":"http:\/\/gandrade.com.br\/martech\/wp-content\/uploads\/2024\/08\/cropped-cropped-Logo-martech2-04.png","contentUrl":"http:\/\/gandrade.com.br\/martech\/wp-content\/uploads\/2024\/08\/cropped-cropped-Logo-martech2-04.png","width":250,"height":250,"caption":"Guillherme Andrade"},"logo":{"@id":"https:\/\/gandrade.com.br\/martech\/#\/schema\/person\/image\/"},"sameAs":["http:\/\/gandrade.com.br\/martech"]}]}},"_links":{"self":[{"href":"http:\/\/gandrade.com.br\/martech\/wp-json\/wp\/v2\/pages\/15","targetHints":{"allow":["GET"]}}],"collection":[{"href":"http:\/\/gandrade.com.br\/martech\/wp-json\/wp\/v2\/pages"}],"about":[{"href":"http:\/\/gandrade.com.br\/martech\/wp-json\/wp\/v2\/types\/page"}],"author":[{"embeddable":true,"href":"http:\/\/gandrade.com.br\/martech\/wp-json\/wp\/v2\/users\/1"}],"replies":[{"embeddable":true,"href":"http:\/\/gandrade.com.br\/martech\/wp-json\/wp\/v2\/comments?post=15"}],"version-history":[{"count":12,"href":"http:\/\/gandrade.com.br\/martech\/wp-json\/wp\/v2\/pages\/15\/revisions"}],"predecessor-version":[{"id":432,"href":"http:\/\/gandrade.com.br\/martech\/wp-json\/wp\/v2\/pages\/15\/revisions\/432"}],"wp:attachment":[{"href":"http:\/\/gandrade.com.br\/martech\/wp-json\/wp\/v2\/media?parent=15"}],"curies":[{"name":"wp","href":"https:\/\/api.w.org\/{rel}","templated":true}]}}