{"id":11,"date":"2024-08-20T15:36:45","date_gmt":"2024-08-20T18:36:45","guid":{"rendered":"http:\/\/gandrade.provisorio.ws\/martech\/?page_id=11"},"modified":"2024-09-11T22:35:19","modified_gmt":"2024-09-12T01:35:19","slug":"sobre","status":"publish","type":"page","link":"http:\/\/gandrade.com.br\/martech\/sobre\/","title":{"rendered":"Sobre"},"content":{"rendered":"<div class=\"yoast-breadcrumbs\"><span><span><a href=\"https:\/\/gandrade.com.br\/martech\/\">Inicial<\/a><\/span> \u00bb <span class=\"breadcrumb_last\" aria-current=\"page\">Sobre<\/span><\/span><\/div>\n\n\n<h2 class=\"wp-block-heading\">Quem \u00e9 Guilherme Augusto Andrade?<\/h2>\n\n\n\n<div class=\"wp-block-columns is-layout-flex wp-container-core-columns-is-layout-9d6595d7 wp-block-columns-is-layout-flex\">\n<div class=\"wp-block-column is-layout-flow wp-block-column-is-layout-flow\">\n<p>Foi durante sua gradua\u00e7\u00e3o em Comunica\u00e7\u00e3o Social pela UniverCidade de Ipanema, que Guilherme come\u00e7ou a perceber o vasto potencial das tecnologias digitais. Ele se encantou com as possibilidades de criar conex\u00f5es humanas atrav\u00e9s das novas m\u00eddias. Esse interesse levou-o a se aprofundar em web design e webwriting, cursos que o conectaram ainda mais ao mundo digital.<\/p>\n\n\n\n<p>Seu primeiro grande desafio profissional veio na Embria Technologies, onde ele trabalhou como Analista de Comunica\u00e7\u00e3o. Foi l\u00e1 que Guilherme percebeu que a tecnologia n\u00e3o era apenas uma ferramenta, mas um ve\u00edculo para a criatividade e inova\u00e7\u00e3o. Ao elaborar textos para a web e planejar redes de colabora\u00e7\u00e3o, ele come\u00e7ou a explorar como a comunica\u00e7\u00e3o digital poderia ser potencializada por tecnologias emergentes. Essa experi\u00eancia foi crucial para desenvolver sua habilidade de traduzir conceitos t\u00e9cnicos em mensagens claras e envolventes, algo que ele aprimorou ainda mais ao participar do Congresso Business Process Day por dois anos consecutivos.<\/p>\n\n\n\n<p>Ap\u00f3s um per\u00edodo como freelancer, onde desenvolveu websites e v\u00eddeos internos para o OX Grupo, Guilherme mergulhou de vez no universo das martechs. Em 2019, ele se juntou \u00e0 Colmeia Performance Digital, onde se destacou como Especialista em Martech. L\u00e1, ele desenvolveu desde automa\u00e7\u00f5es complexas e matrizes RFM at\u00e9 fluxos de cross-sell e leadscoring sofisticados. Sua habilidade de unir a criatividade de solucionar problemas com a tecnologia resultou em campanhas que n\u00e3o apenas alcan\u00e7avam, mas tamb\u00e9m engajavam profundamente o p\u00fablico-alvo.<\/p>\n\n\n\n<p>Seu apetite por inova\u00e7\u00e3o o levou \u00e0 BW8, uma empresa de martech, onde assumiu a responsabilidade de criar e implementar estrat\u00e9gias de marketing utilizando ferramentas como RD Station e Hubspot. Guilherme n\u00e3o apenas planejava e desenvolvia funis de vendas e automa\u00e7\u00f5es; ele tamb\u00e9m tinha a capacidade de visualizar como cada elemento t\u00e9cnico poderia contribuir para tornar o processo de marketing e vendas eficaz.<\/p>\n\n\n\n<p>Paralelamente \u00e0 sua carreira, Guilherme sempre buscou se atualizar e expandir seus conhecimentos. A combina\u00e7\u00e3o de um MBA em Marketing pelo IAG PUC RIO e cursos t\u00e9cnicos em design e webwriting refletiam seu compromisso com a aprendizagem cont\u00ednua. Al\u00e9m disso, sua flu\u00eancia em ingl\u00eas, adquirida durante tr\u00eas anos de viv\u00eancia na Inglaterra, permitiu-lhe navegar facilmente por tend\u00eancias e tecnologias globais, mantendo-se \u00e0 frente no competitivo campo do marketing digital.<\/p>\n\n\n\n<p>Ao longo de sua jornada, Guilherme se transformou em um verdadeiro apaixonado por tecnologia e criatividade. Sua trajet\u00f3ria \u00e9 uma fus\u00e3o de habilidades t\u00e9cnicas, sensibilidade art\u00edstica e uma incans\u00e1vel curiosidade sobre como a inova\u00e7\u00e3o pode transformar a maneira como nos conectamos e comunicamos no mundo digital.<\/p>\n<\/div>\n\n\n\n<div class=\"wp-block-column is-layout-flow wp-block-column-is-layout-flow\">\n<figure class=\"wp-block-image size-full\"><img loading=\"lazy\" decoding=\"async\" width=\"565\" height=\"743\" src=\"http:\/\/gandrade.provisorio.ws\/martech\/wp-content\/uploads\/2024\/08\/Guilherme-Augusto-Andrade.jpg\" alt=\"\" class=\"wp-image-212\" srcset=\"http:\/\/gandrade.com.br\/martech\/wp-content\/uploads\/2024\/08\/Guilherme-Augusto-Andrade.jpg 565w, http:\/\/gandrade.com.br\/martech\/wp-content\/uploads\/2024\/08\/Guilherme-Augusto-Andrade-228x300.jpg 228w\" sizes=\"auto, (max-width: 565px) 100vw, 565px\" \/><\/figure>\n\n\n\n<div class=\"wp-block-buttons is-content-justification-center is-layout-flex wp-container-core-buttons-is-layout-5e6b19ed wp-block-buttons-is-layout-flex\">\n<div class=\"wp-block-button\"><a class=\"wp-block-button__link has-text-align-center wp-element-button\" href=\"http:\/\/gandrade.com.br\/curriculo\/Curr%C3%ADculo%20MARTECH%20-%20Guilherme%20Augusto%20Andrade.pdf\" target=\"_blank\" rel=\"noreferrer noopener\"><strong>Conhe\u00e7a meu curr\u00edculo<\/strong><\/a><\/div>\n<\/div>\n\n\n\n<div class=\"wp-block-buttons is-content-justification-center is-layout-flex wp-container-core-buttons-is-layout-16018d1d wp-block-buttons-is-layout-flex\">\n<div class=\"wp-block-button\"><a class=\"wp-block-button__link has-text-align-center wp-element-button\" href=\"https:\/\/www.linkedin.com\/in\/guilherme-augusto-andrade\/\" target=\"_blank\" rel=\"noreferrer noopener\"><strong>Visite meu LinkedIn<\/strong><\/a><\/div>\n<\/div>\n<\/div>\n<\/div>\n\n\n\n<div class=\"wp-block-columns is-layout-flex wp-container-core-columns-is-layout-9d6595d7 wp-block-columns-is-layout-flex\">\n<div class=\"wp-block-column is-layout-flow wp-block-column-is-layout-flow\">\n<h2 class=\"wp-block-heading\">Experi\u00eancia nas seguintes plataformas:<\/h2>\n<\/div>\n<\/div>\n\n\n\n<div class=\"wp-block-columns is-layout-flex wp-container-core-columns-is-layout-9d6595d7 wp-block-columns-is-layout-flex\">\n<div class=\"wp-block-column is-layout-flow wp-block-column-is-layout-flow\">\n<figure class=\"wp-block-image size-full\"><img loading=\"lazy\" decoding=\"async\" width=\"408\" height=\"123\" src=\"http:\/\/gandrade.provisorio.ws\/martech\/wp-content\/uploads\/2024\/08\/Active-Campaign.png\" alt=\"\" class=\"wp-image-205\" srcset=\"http:\/\/gandrade.com.br\/martech\/wp-content\/uploads\/2024\/08\/Active-Campaign.png 408w, http:\/\/gandrade.com.br\/martech\/wp-content\/uploads\/2024\/08\/Active-Campaign-300x90.png 300w\" sizes=\"auto, (max-width: 408px) 100vw, 408px\" \/><\/figure>\n<\/div>\n\n\n\n<div class=\"wp-block-column is-layout-flow wp-block-column-is-layout-flow\">\n<figure class=\"wp-block-image size-full\"><img loading=\"lazy\" decoding=\"async\" width=\"851\" height=\"257\" src=\"http:\/\/gandrade.provisorio.ws\/martech\/wp-content\/uploads\/2024\/08\/Hubspot-02.jpg\" alt=\"\" class=\"wp-image-214\" srcset=\"http:\/\/gandrade.com.br\/martech\/wp-content\/uploads\/2024\/08\/Hubspot-02.jpg 851w, http:\/\/gandrade.com.br\/martech\/wp-content\/uploads\/2024\/08\/Hubspot-02-300x91.jpg 300w, http:\/\/gandrade.com.br\/martech\/wp-content\/uploads\/2024\/08\/Hubspot-02-768x232.jpg 768w\" sizes=\"auto, (max-width: 706px) 89vw, (max-width: 767px) 82vw, 740px\" \/><\/figure>\n<\/div>\n\n\n\n<div class=\"wp-block-column is-layout-flow wp-block-column-is-layout-flow\">\n<figure class=\"wp-block-image size-full\"><img loading=\"lazy\" decoding=\"async\" width=\"851\" height=\"257\" src=\"http:\/\/gandrade.provisorio.ws\/martech\/wp-content\/uploads\/2024\/08\/RD-Station-02.jpg\" alt=\"\" class=\"wp-image-215\" srcset=\"http:\/\/gandrade.com.br\/martech\/wp-content\/uploads\/2024\/08\/RD-Station-02.jpg 851w, http:\/\/gandrade.com.br\/martech\/wp-content\/uploads\/2024\/08\/RD-Station-02-300x91.jpg 300w, http:\/\/gandrade.com.br\/martech\/wp-content\/uploads\/2024\/08\/RD-Station-02-768x232.jpg 768w\" sizes=\"auto, (max-width: 706px) 89vw, (max-width: 767px) 82vw, 740px\" \/><\/figure>\n<\/div>\n<\/div>\n\n\n\n<p><\/p>\n","protected":false},"excerpt":{"rendered":"<p>Quem \u00e9 Guilherme Augusto Andrade? Foi durante sua gradua\u00e7\u00e3o em Comunica\u00e7\u00e3o Social pela UniverCidade de Ipanema, que Guilherme come\u00e7ou a perceber o vasto potencial das tecnologias digitais. Ele se encantou com as possibilidades de criar conex\u00f5es humanas atrav\u00e9s das novas m\u00eddias. Esse interesse levou-o a se aprofundar em web design e webwriting, cursos que o &hellip; <\/p>\n<p class=\"link-more\"><a href=\"http:\/\/gandrade.com.br\/martech\/sobre\/\" class=\"more-link\">Continue lendo<span class=\"screen-reader-text\"> &#8220;Sobre&#8221;<\/span><\/a><\/p>\n","protected":false},"author":1,"featured_media":0,"parent":0,"menu_order":0,"comment_status":"closed","ping_status":"closed","template":"","meta":{"footnotes":""},"class_list":["post-11","page","type-page","status-publish","hentry"],"yoast_head":"<!-- This site is optimized with the Yoast SEO plugin v23.3 - https:\/\/yoast.com\/wordpress\/plugins\/seo\/ -->\n<title>Sobre - Gui Andrade<\/title>\n<meta name=\"robots\" content=\"index, follow, max-snippet:-1, max-image-preview:large, max-video-preview:-1\" \/>\n<link rel=\"canonical\" href=\"http:\/\/gandrade.com.br\/martech\/sobre\/\" \/>\n<meta property=\"og:locale\" content=\"pt_BR\" \/>\n<meta property=\"og:type\" content=\"article\" \/>\n<meta property=\"og:title\" content=\"Sobre - Gui Andrade\" \/>\n<meta property=\"og:description\" content=\"Quem \u00e9 Guilherme Augusto Andrade? Foi durante sua gradua\u00e7\u00e3o em Comunica\u00e7\u00e3o Social pela UniverCidade de Ipanema, que Guilherme come\u00e7ou a perceber o vasto potencial das tecnologias digitais. Ele se encantou com as possibilidades de criar conex\u00f5es humanas atrav\u00e9s das novas m\u00eddias. Esse interesse levou-o a se aprofundar em web design e webwriting, cursos que o &hellip; Continue lendo &quot;Sobre&quot;\" \/>\n<meta property=\"og:url\" content=\"http:\/\/gandrade.com.br\/martech\/sobre\/\" \/>\n<meta property=\"og:site_name\" content=\"Gui Andrade\" \/>\n<meta property=\"article:modified_time\" content=\"2024-09-12T01:35:19+00:00\" \/>\n<meta property=\"og:image\" content=\"http:\/\/gandrade.provisorio.ws\/martech\/wp-content\/uploads\/2024\/08\/Guilherme-Augusto-Andrade.jpg\" \/>\n<meta name=\"twitter:card\" content=\"summary_large_image\" \/>\n<meta name=\"twitter:label1\" content=\"Est. tempo de leitura\" \/>\n\t<meta name=\"twitter:data1\" content=\"4 minutos\" \/>\n<script type=\"application\/ld+json\" class=\"yoast-schema-graph\">{\"@context\":\"https:\/\/schema.org\",\"@graph\":[{\"@type\":\"WebPage\",\"@id\":\"http:\/\/gandrade.com.br\/martech\/sobre\/\",\"url\":\"http:\/\/gandrade.com.br\/martech\/sobre\/\",\"name\":\"Sobre - Gui Andrade\",\"isPartOf\":{\"@id\":\"https:\/\/gandrade.com.br\/martech\/#website\"},\"primaryImageOfPage\":{\"@id\":\"http:\/\/gandrade.com.br\/martech\/sobre\/#primaryimage\"},\"image\":{\"@id\":\"http:\/\/gandrade.com.br\/martech\/sobre\/#primaryimage\"},\"thumbnailUrl\":\"http:\/\/gandrade.provisorio.ws\/martech\/wp-content\/uploads\/2024\/08\/Guilherme-Augusto-Andrade.jpg\",\"datePublished\":\"2024-08-20T18:36:45+00:00\",\"dateModified\":\"2024-09-12T01:35:19+00:00\",\"breadcrumb\":{\"@id\":\"http:\/\/gandrade.com.br\/martech\/sobre\/#breadcrumb\"},\"inLanguage\":\"pt-BR\",\"potentialAction\":[{\"@type\":\"ReadAction\",\"target\":[\"http:\/\/gandrade.com.br\/martech\/sobre\/\"]}]},{\"@type\":\"ImageObject\",\"inLanguage\":\"pt-BR\",\"@id\":\"http:\/\/gandrade.com.br\/martech\/sobre\/#primaryimage\",\"url\":\"http:\/\/gandrade.provisorio.ws\/martech\/wp-content\/uploads\/2024\/08\/Guilherme-Augusto-Andrade.jpg\",\"contentUrl\":\"http:\/\/gandrade.provisorio.ws\/martech\/wp-content\/uploads\/2024\/08\/Guilherme-Augusto-Andrade.jpg\"},{\"@type\":\"BreadcrumbList\",\"@id\":\"http:\/\/gandrade.com.br\/martech\/sobre\/#breadcrumb\",\"itemListElement\":[{\"@type\":\"ListItem\",\"position\":1,\"name\":\"Inicial\",\"item\":\"https:\/\/gandrade.com.br\/martech\/\"},{\"@type\":\"ListItem\",\"position\":2,\"name\":\"Sobre\"}]},{\"@type\":\"WebSite\",\"@id\":\"https:\/\/gandrade.com.br\/martech\/#website\",\"url\":\"https:\/\/gandrade.com.br\/martech\/\",\"name\":\"Gui Andrade\",\"description\":\"Um site sobre Martech\",\"publisher\":{\"@id\":\"https:\/\/gandrade.com.br\/martech\/#\/schema\/person\/b69b3e4e7b3377c27913fd18e71250ec\"},\"alternateName\":\"Martech hoje\",\"potentialAction\":[{\"@type\":\"SearchAction\",\"target\":{\"@type\":\"EntryPoint\",\"urlTemplate\":\"https:\/\/gandrade.com.br\/martech\/?s={search_term_string}\"},\"query-input\":\"required name=search_term_string\"}],\"inLanguage\":\"pt-BR\"},{\"@type\":[\"Person\",\"Organization\"],\"@id\":\"https:\/\/gandrade.com.br\/martech\/#\/schema\/person\/b69b3e4e7b3377c27913fd18e71250ec\",\"name\":\"Guillherme Andrade\",\"image\":{\"@type\":\"ImageObject\",\"inLanguage\":\"pt-BR\",\"@id\":\"https:\/\/gandrade.com.br\/martech\/#\/schema\/person\/image\/\",\"url\":\"http:\/\/gandrade.com.br\/martech\/wp-content\/uploads\/2024\/08\/cropped-cropped-Logo-martech2-04.png\",\"contentUrl\":\"http:\/\/gandrade.com.br\/martech\/wp-content\/uploads\/2024\/08\/cropped-cropped-Logo-martech2-04.png\",\"width\":250,\"height\":250,\"caption\":\"Guillherme Andrade\"},\"logo\":{\"@id\":\"https:\/\/gandrade.com.br\/martech\/#\/schema\/person\/image\/\"},\"sameAs\":[\"http:\/\/gandrade.com.br\/martech\"]}]}<\/script>\n<!-- \/ Yoast SEO plugin. -->","yoast_head_json":{"title":"Sobre - Gui Andrade","robots":{"index":"index","follow":"follow","max-snippet":"max-snippet:-1","max-image-preview":"max-image-preview:large","max-video-preview":"max-video-preview:-1"},"canonical":"http:\/\/gandrade.com.br\/martech\/sobre\/","og_locale":"pt_BR","og_type":"article","og_title":"Sobre - Gui Andrade","og_description":"Quem \u00e9 Guilherme Augusto Andrade? Foi durante sua gradua\u00e7\u00e3o em Comunica\u00e7\u00e3o Social pela UniverCidade de Ipanema, que Guilherme come\u00e7ou a perceber o vasto potencial das tecnologias digitais. Ele se encantou com as possibilidades de criar conex\u00f5es humanas atrav\u00e9s das novas m\u00eddias. Esse interesse levou-o a se aprofundar em web design e webwriting, cursos que o &hellip; Continue lendo \"Sobre\"","og_url":"http:\/\/gandrade.com.br\/martech\/sobre\/","og_site_name":"Gui Andrade","article_modified_time":"2024-09-12T01:35:19+00:00","og_image":[{"url":"http:\/\/gandrade.provisorio.ws\/martech\/wp-content\/uploads\/2024\/08\/Guilherme-Augusto-Andrade.jpg"}],"twitter_card":"summary_large_image","twitter_misc":{"Est. tempo de leitura":"4 minutos"},"schema":{"@context":"https:\/\/schema.org","@graph":[{"@type":"WebPage","@id":"http:\/\/gandrade.com.br\/martech\/sobre\/","url":"http:\/\/gandrade.com.br\/martech\/sobre\/","name":"Sobre - Gui Andrade","isPartOf":{"@id":"https:\/\/gandrade.com.br\/martech\/#website"},"primaryImageOfPage":{"@id":"http:\/\/gandrade.com.br\/martech\/sobre\/#primaryimage"},"image":{"@id":"http:\/\/gandrade.com.br\/martech\/sobre\/#primaryimage"},"thumbnailUrl":"http:\/\/gandrade.provisorio.ws\/martech\/wp-content\/uploads\/2024\/08\/Guilherme-Augusto-Andrade.jpg","datePublished":"2024-08-20T18:36:45+00:00","dateModified":"2024-09-12T01:35:19+00:00","breadcrumb":{"@id":"http:\/\/gandrade.com.br\/martech\/sobre\/#breadcrumb"},"inLanguage":"pt-BR","potentialAction":[{"@type":"ReadAction","target":["http:\/\/gandrade.com.br\/martech\/sobre\/"]}]},{"@type":"ImageObject","inLanguage":"pt-BR","@id":"http:\/\/gandrade.com.br\/martech\/sobre\/#primaryimage","url":"http:\/\/gandrade.provisorio.ws\/martech\/wp-content\/uploads\/2024\/08\/Guilherme-Augusto-Andrade.jpg","contentUrl":"http:\/\/gandrade.provisorio.ws\/martech\/wp-content\/uploads\/2024\/08\/Guilherme-Augusto-Andrade.jpg"},{"@type":"BreadcrumbList","@id":"http:\/\/gandrade.com.br\/martech\/sobre\/#breadcrumb","itemListElement":[{"@type":"ListItem","position":1,"name":"Inicial","item":"https:\/\/gandrade.com.br\/martech\/"},{"@type":"ListItem","position":2,"name":"Sobre"}]},{"@type":"WebSite","@id":"https:\/\/gandrade.com.br\/martech\/#website","url":"https:\/\/gandrade.com.br\/martech\/","name":"Gui Andrade","description":"Um site sobre Martech","publisher":{"@id":"https:\/\/gandrade.com.br\/martech\/#\/schema\/person\/b69b3e4e7b3377c27913fd18e71250ec"},"alternateName":"Martech hoje","potentialAction":[{"@type":"SearchAction","target":{"@type":"EntryPoint","urlTemplate":"https:\/\/gandrade.com.br\/martech\/?s={search_term_string}"},"query-input":"required name=search_term_string"}],"inLanguage":"pt-BR"},{"@type":["Person","Organization"],"@id":"https:\/\/gandrade.com.br\/martech\/#\/schema\/person\/b69b3e4e7b3377c27913fd18e71250ec","name":"Guillherme Andrade","image":{"@type":"ImageObject","inLanguage":"pt-BR","@id":"https:\/\/gandrade.com.br\/martech\/#\/schema\/person\/image\/","url":"http:\/\/gandrade.com.br\/martech\/wp-content\/uploads\/2024\/08\/cropped-cropped-Logo-martech2-04.png","contentUrl":"http:\/\/gandrade.com.br\/martech\/wp-content\/uploads\/2024\/08\/cropped-cropped-Logo-martech2-04.png","width":250,"height":250,"caption":"Guillherme Andrade"},"logo":{"@id":"https:\/\/gandrade.com.br\/martech\/#\/schema\/person\/image\/"},"sameAs":["http:\/\/gandrade.com.br\/martech"]}]}},"_links":{"self":[{"href":"http:\/\/gandrade.com.br\/martech\/wp-json\/wp\/v2\/pages\/11","targetHints":{"allow":["GET"]}}],"collection":[{"href":"http:\/\/gandrade.com.br\/martech\/wp-json\/wp\/v2\/pages"}],"about":[{"href":"http:\/\/gandrade.com.br\/martech\/wp-json\/wp\/v2\/types\/page"}],"author":[{"embeddable":true,"href":"http:\/\/gandrade.com.br\/martech\/wp-json\/wp\/v2\/users\/1"}],"replies":[{"embeddable":true,"href":"http:\/\/gandrade.com.br\/martech\/wp-json\/wp\/v2\/comments?post=11"}],"version-history":[{"count":22,"href":"http:\/\/gandrade.com.br\/martech\/wp-json\/wp\/v2\/pages\/11\/revisions"}],"predecessor-version":[{"id":621,"href":"http:\/\/gandrade.com.br\/martech\/wp-json\/wp\/v2\/pages\/11\/revisions\/621"}],"wp:attachment":[{"href":"http:\/\/gandrade.com.br\/martech\/wp-json\/wp\/v2\/media?parent=11"}],"curies":[{"name":"wp","href":"https:\/\/api.w.org\/{rel}","templated":true}]}}